{"id":343302,"date":"2024-03-01T21:03:53","date_gmt":"2024-03-01T20:03:53","guid":{"rendered":"https:\/\/gajostest.a2hosted.com\/eshop\/bat-zastera-z-hlinikovych-dost-55x75\/"},"modified":"2026-04-25T21:44:51","modified_gmt":"2026-04-25T19:44:51","slug":"bat-zastera-z-hlinikovych-dost-55x75","status":"publish","type":"product","link":"https:\/\/gajos.sk\/eshop\/p\/bat-zastera-z-hlinikovych-dost-55x75\/","title":{"rendered":"BAT  Z\u00e1stera z hlin\u00edkov\u00fdch do\u0161t. 55&#215;75"},"content":{"rendered":"","protected":false},"excerpt":{"rendered":"<p>ochrann\u00e1 z\u00e1stera proti porezaniu zo zaoblen\u00fdch hlin\u00edkov\u00fdch do\u0161ti\u010diek spojen\u00fdch kr\u00fa\u017ekami z\u00a0nerezovej ocele INOX ochrana proti porezaniu a\u00a0bodnut\u00edm no\u017eom<\/p>\n","protected":false},"featured_media":343301,"template":"","meta":{"_acf_changed":false,"inline_featured_image":false},"product_brand":[],"product_cat":[2175],"product_tag":[1329],"class_list":{"0":"post-343302","1":"product","2":"type-product","3":"status-publish","4":"has-post-thumbnail","6":"product_cat-produkty","7":"product_tag-batmetall","9":"first","10":"instock","11":"taxable","12":"shipping-taxable","13":"product-type-variable"},"acf":[],"_links":{"self":[{"href":"https:\/\/gajos.sk\/eshop\/wp-json\/wp\/v2\/product\/343302","targetHints":{"allow":["GET"]}}],"collection":[{"href":"https:\/\/gajos.sk\/eshop\/wp-json\/wp\/v2\/product"}],"about":[{"href":"https:\/\/gajos.sk\/eshop\/wp-json\/wp\/v2\/types\/product"}],"wp:featuredmedia":[{"embeddable":true,"href":"https:\/\/gajos.sk\/eshop\/wp-json\/wp\/v2\/media\/343301"}],"wp:attachment":[{"href":"https:\/\/gajos.sk\/eshop\/wp-json\/wp\/v2\/media?parent=343302"}],"wp:term":[{"taxonomy":"product_brand","embeddable":true,"href":"https:\/\/gajos.sk\/eshop\/wp-json\/wp\/v2\/product_brand?post=343302"},{"taxonomy":"product_cat","embeddable":true,"href":"https:\/\/gajos.sk\/eshop\/wp-json\/wp\/v2\/product_cat?post=343302"},{"taxonomy":"product_tag","embeddable":true,"href":"https:\/\/gajos.sk\/eshop\/wp-json\/wp\/v2\/product_tag?post=343302"}],"curies":[{"name":"wp","href":"https:\/\/api.w.org\/{rel}","templated":true}]}}