{"id":343279,"date":"2024-03-01T21:03:46","date_gmt":"2024-03-01T20:03:46","guid":{"rendered":"https:\/\/gajostest.a2hosted.com\/eshop\/tomaga-set\/"},"modified":"2026-05-07T21:36:32","modified_gmt":"2026-05-07T19:36:32","slug":"tomaga-set","status":"publish","type":"product","link":"https:\/\/gajos.sk\/eshop\/p\/tomaga-set\/","title":{"rendered":"TOMAGA SET"},"content":{"rendered":"","protected":false},"excerpt":{"rendered":"<p>set nepremokav\u00e9 bundy s nohavicami; bunda s kapuc\u0148ou a so zap\u00ednan\u00edm na cvoky; obvod kapucne je mo\u017en\u00e9 upravi\u0165 pomocou \u0161n\u00farky; ventil\u00e1cia v podpazu\u0161\u00ed; nohavice s elastick\u00fdm p\u00e1som; man\u017eety ruk\u00e1vov a spodn\u00fd lem nohav\u00edc so zap\u00ednan\u00edm na cvoky; zataven\u00e9 \u0161vy; 100% recyklovate\u013en\u00fd odev.<\/p>\n","protected":false},"featured_media":343281,"template":"","meta":{"_acf_changed":false,"inline_featured_image":false},"product_brand":[],"product_cat":[2175],"product_tag":[1179],"class_list":{"0":"post-343279","1":"product","2":"type-product","3":"status-publish","4":"has-post-thumbnail","6":"product_cat-produkty","7":"product_tag-cerva","8":"pa_farba-royal-modra","9":"pa_farba-zelena","10":"pa_farba-zlta","11":"pa_velkost-m","12":"pa_velkost-s","13":"pa_velkost-3xl","14":"pa_velkost-xxl","15":"pa_velkost-xl","16":"pa_velkost-l","18":"first","19":"instock","20":"taxable","21":"shipping-taxable","22":"purchasable","23":"product-type-variable"},"acf":[],"_links":{"self":[{"href":"https:\/\/gajos.sk\/eshop\/wp-json\/wp\/v2\/product\/343279","targetHints":{"allow":["GET"]}}],"collection":[{"href":"https:\/\/gajos.sk\/eshop\/wp-json\/wp\/v2\/product"}],"about":[{"href":"https:\/\/gajos.sk\/eshop\/wp-json\/wp\/v2\/types\/product"}],"wp:featuredmedia":[{"embeddable":true,"href":"https:\/\/gajos.sk\/eshop\/wp-json\/wp\/v2\/media\/343281"}],"wp:attachment":[{"href":"https:\/\/gajos.sk\/eshop\/wp-json\/wp\/v2\/media?parent=343279"}],"wp:term":[{"taxonomy":"product_brand","embeddable":true,"href":"https:\/\/gajos.sk\/eshop\/wp-json\/wp\/v2\/product_brand?post=343279"},{"taxonomy":"product_cat","embeddable":true,"href":"https:\/\/gajos.sk\/eshop\/wp-json\/wp\/v2\/product_cat?post=343279"},{"taxonomy":"product_tag","embeddable":true,"href":"https:\/\/gajos.sk\/eshop\/wp-json\/wp\/v2\/product_tag?post=343279"}],"curies":[{"name":"wp","href":"https:\/\/api.w.org\/{rel}","templated":true}]}}