{"id":343271,"date":"2024-03-01T21:03:40","date_gmt":"2024-03-01T20:03:40","guid":{"rendered":"https:\/\/gajostest.a2hosted.com\/eshop\/expedice-set\/"},"modified":"2026-05-07T21:36:32","modified_gmt":"2026-05-07T19:36:32","slug":"expedice-set","status":"publish","type":"product","link":"https:\/\/gajos.sk\/eshop\/p\/expedice-set\/","title":{"rendered":"EXPEDICE set"},"content":{"rendered":"","protected":false},"excerpt":{"rendered":"<p>\u2022 ur\u010den\u00e9 na ochranu pred rozto\u010dmi, kom\u00e1rmi, pahorkami, kom\u00e1rmi a in\u00fdmi druhmi hmyzu nas\u00e1vaj\u00faceho krv. \u2022 ochrann\u00e9 prvky obleku: pasce proti rozto\u010dom v plisovanej bunde a nohaviciach, ktor\u00e9 br\u00e1nia rozto\u010du v plazen\u00ed po oble\u010den\u00ed \u2022 vn\u00fatorn\u00e9 man\u017eety ruk\u00e1vov a nohavice pevne zapadaj\u00fa \u2022 kapuc\u0148a siete proti kom\u00e1rom (sie\u0165 sa v pr\u00edpade potreby \u013eahko zmest\u00ed do n\u00e1prsn\u00e9ho vrecka) \u2022 slu\u010dky na nohy bezpe\u010dne zu\u017euj\u00fa \u0161\u00edrku nohav\u00edc<\/p>\n","protected":false},"featured_media":343273,"template":"","meta":{"_acf_changed":false,"inline_featured_image":false},"product_brand":[],"product_cat":[2175],"product_tag":[1179],"class_list":{"0":"post-343271","1":"product","2":"type-product","3":"status-publish","4":"has-post-thumbnail","6":"product_cat-produkty","7":"product_tag-cerva","8":"pa_farba-camouflage","9":"pa_velkost-3xl","10":"pa_velkost-xxl","11":"pa_velkost-xl","12":"pa_velkost-l","13":"pa_velkost-m","14":"pa_velkost-s","16":"first","17":"instock","18":"taxable","19":"shipping-taxable","20":"purchasable","21":"product-type-variable"},"acf":[],"_links":{"self":[{"href":"https:\/\/gajos.sk\/eshop\/wp-json\/wp\/v2\/product\/343271","targetHints":{"allow":["GET"]}}],"collection":[{"href":"https:\/\/gajos.sk\/eshop\/wp-json\/wp\/v2\/product"}],"about":[{"href":"https:\/\/gajos.sk\/eshop\/wp-json\/wp\/v2\/types\/product"}],"wp:featuredmedia":[{"embeddable":true,"href":"https:\/\/gajos.sk\/eshop\/wp-json\/wp\/v2\/media\/343273"}],"wp:attachment":[{"href":"https:\/\/gajos.sk\/eshop\/wp-json\/wp\/v2\/media?parent=343271"}],"wp:term":[{"taxonomy":"product_brand","embeddable":true,"href":"https:\/\/gajos.sk\/eshop\/wp-json\/wp\/v2\/product_brand?post=343271"},{"taxonomy":"product_cat","embeddable":true,"href":"https:\/\/gajos.sk\/eshop\/wp-json\/wp\/v2\/product_cat?post=343271"},{"taxonomy":"product_tag","embeddable":true,"href":"https:\/\/gajos.sk\/eshop\/wp-json\/wp\/v2\/product_tag?post=343271"}],"curies":[{"name":"wp","href":"https:\/\/api.w.org\/{rel}","templated":true}]}}