{"id":343251,"date":"2024-03-01T21:03:24","date_gmt":"2024-03-01T20:03:24","guid":{"rendered":"https:\/\/gajostest.a2hosted.com\/eshop\/siret-set\/"},"modified":"2026-04-25T21:44:50","modified_gmt":"2026-04-25T19:44:50","slug":"siret-set","status":"publish","type":"product","link":"https:\/\/gajos.sk\/eshop\/p\/siret-set\/","title":{"rendered":"SIRET SET"},"content":{"rendered":"","protected":false},"excerpt":{"rendered":"<p>\u2022 nepremokav\u00fd a vetruodoln\u00fd komplet \u2022 3\/4 pl\u00e1\u0161\u0165 s kapuc\u0148ou v golieri a nohavice s gumou v p\u00e1se \u2022 ne\u0161u\u0161tiv\u00fd materi\u00e1l \u2022 dve \u0161irok\u00e9 predn\u00e9 vreck\u00e1 kryt\u00e9 l\u00e9gami chr\u00e1niacimi vo\u010di prieniku vody \u2022 spodn\u00fd lem ruk\u00e1vov mo\u017eno polohova\u0165 \u2022 HI-VIS verzia len v \u017eltej a oran\u017eovej farbe<\/p>\n","protected":false},"featured_media":343253,"template":"","meta":{"_acf_changed":false,"inline_featured_image":false},"product_brand":[],"product_cat":[2175],"product_tag":[1179],"class_list":{"0":"post-343251","1":"product","2":"type-product","3":"status-publish","4":"has-post-thumbnail","6":"product_cat-produkty","7":"product_tag-cerva","8":"pa_farba-hv-zlta","9":"pa_farba-navy","10":"pa_farba-hv-oranzova","11":"pa_velkost-xl","12":"pa_velkost-l","13":"pa_velkost-m","14":"pa_velkost-s","15":"pa_velkost-3xl","16":"pa_velkost-xxl","18":"first","19":"instock","20":"taxable","21":"shipping-taxable","22":"purchasable","23":"product-type-variable"},"acf":[],"_links":{"self":[{"href":"https:\/\/gajos.sk\/eshop\/wp-json\/wp\/v2\/product\/343251","targetHints":{"allow":["GET"]}}],"collection":[{"href":"https:\/\/gajos.sk\/eshop\/wp-json\/wp\/v2\/product"}],"about":[{"href":"https:\/\/gajos.sk\/eshop\/wp-json\/wp\/v2\/types\/product"}],"wp:featuredmedia":[{"embeddable":true,"href":"https:\/\/gajos.sk\/eshop\/wp-json\/wp\/v2\/media\/343253"}],"wp:attachment":[{"href":"https:\/\/gajos.sk\/eshop\/wp-json\/wp\/v2\/media?parent=343251"}],"wp:term":[{"taxonomy":"product_brand","embeddable":true,"href":"https:\/\/gajos.sk\/eshop\/wp-json\/wp\/v2\/product_brand?post=343251"},{"taxonomy":"product_cat","embeddable":true,"href":"https:\/\/gajos.sk\/eshop\/wp-json\/wp\/v2\/product_cat?post=343251"},{"taxonomy":"product_tag","embeddable":true,"href":"https:\/\/gajos.sk\/eshop\/wp-json\/wp\/v2\/product_tag?post=343251"}],"curies":[{"name":"wp","href":"https:\/\/api.w.org\/{rel}","templated":true}]}}