{"id":343207,"date":"2024-03-01T21:01:50","date_gmt":"2024-03-01T20:01:50","guid":{"rendered":"https:\/\/gajostest.a2hosted.com\/eshop\/ff-ralf-be-01-005-setbnapr\/"},"modified":"2026-04-18T01:38:32","modified_gmt":"2026-04-17T23:38:32","slug":"ff-ralf-be-01-005-setbnapr","status":"publish","type":"product","link":"https:\/\/gajos.sk\/eshop\/p\/ff-ralf-be-01-005-setbnapr\/","title":{"rendered":"FF RALF BE-01-005 set(b+n\u00e1pr)"},"content":{"rendered":"","protected":false},"excerpt":{"rendered":"<p>Mont\u00e9rkov\u00e9 nohavice s n\u00e1prsenkou a bunda.<\/p>\n","protected":false},"featured_media":343209,"template":"","meta":{"_acf_changed":false,"inline_featured_image":false},"product_brand":[],"product_cat":[2175],"product_tag":[1228],"class_list":{"0":"post-343207","1":"product","2":"type-product","3":"status-publish","4":"has-post-thumbnail","6":"product_cat-produkty","7":"product_tag-fridrich-fridrich","8":"pa_farba-zelena","9":"pa_farba-navy","10":"pa_farba-modra","11":"pa_velkost-3161","12":"pa_velkost-3110","13":"pa_velkost-3162","14":"pa_velkost-3112","15":"pa_velkost-3121","16":"pa_velkost-3123","17":"pa_velkost-3155","18":"pa_velkost-3157","19":"pa_velkost-3158","20":"pa_velkost-3159","21":"pa_velkost-3160","23":"first","24":"instock","25":"taxable","26":"shipping-taxable","27":"purchasable","28":"product-type-variable"},"acf":[],"_links":{"self":[{"href":"https:\/\/gajos.sk\/eshop\/wp-json\/wp\/v2\/product\/343207","targetHints":{"allow":["GET"]}}],"collection":[{"href":"https:\/\/gajos.sk\/eshop\/wp-json\/wp\/v2\/product"}],"about":[{"href":"https:\/\/gajos.sk\/eshop\/wp-json\/wp\/v2\/types\/product"}],"wp:featuredmedia":[{"embeddable":true,"href":"https:\/\/gajos.sk\/eshop\/wp-json\/wp\/v2\/media\/343209"}],"wp:attachment":[{"href":"https:\/\/gajos.sk\/eshop\/wp-json\/wp\/v2\/media?parent=343207"}],"wp:term":[{"taxonomy":"product_brand","embeddable":true,"href":"https:\/\/gajos.sk\/eshop\/wp-json\/wp\/v2\/product_brand?post=343207"},{"taxonomy":"product_cat","embeddable":true,"href":"https:\/\/gajos.sk\/eshop\/wp-json\/wp\/v2\/product_cat?post=343207"},{"taxonomy":"product_tag","embeddable":true,"href":"https:\/\/gajos.sk\/eshop\/wp-json\/wp\/v2\/product_tag?post=343207"}],"curies":[{"name":"wp","href":"https:\/\/api.w.org\/{rel}","templated":true}]}}