{"id":343139,"date":"2024-03-01T21:01:18","date_gmt":"2024-03-01T20:01:18","guid":{"rendered":"https:\/\/gajostest.a2hosted.com\/eshop\/siret-pu-set\/"},"modified":"2026-05-07T21:36:32","modified_gmt":"2026-05-07T19:36:32","slug":"siret-pu-set","status":"publish","type":"product","link":"https:\/\/gajos.sk\/eshop\/p\/siret-pu-set\/","title":{"rendered":"SIRET PU SET"},"content":{"rendered":"","protected":false},"excerpt":{"rendered":"<p>\u2022 nepremokav\u00fd a vetruodoln\u00fd pred\u013a\u017een\u00fd pl\u00e1\u0161\u0165 s kapuc\u0148ou v golieri \u2022 d\u013a\u017eka 120 cm \u2022 obvod kapucne mo\u017eno upravi\u0165 s\u0165ahovan\u00edm na \u0161n\u00farku \u2022 dve \u0161irok\u00e9 predn\u00e9 vreck\u00e1 kryt\u00e9 l\u00e9gami chr\u00e1niacimi vo\u010di prieniku vody \u2022 spodn\u00fd lem ruk\u00e1vov mo\u017eno polohova\u0165<\/p>\n","protected":false},"featured_media":343141,"template":"","meta":{"_acf_changed":false,"inline_featured_image":false},"product_brand":[],"product_cat":[2175],"product_tag":[1179],"class_list":{"0":"post-343139","1":"product","2":"type-product","3":"status-publish","4":"has-post-thumbnail","6":"product_cat-produkty","7":"product_tag-cerva","8":"pa_farba-navy","9":"pa_farba-royal-modra","10":"pa_farba-zelena","11":"pa_farba-zlta","12":"pa_farba-cierna","13":"pa_velkost-s","14":"pa_velkost-3xl","15":"pa_velkost-xxl","16":"pa_velkost-xl","17":"pa_velkost-l","18":"pa_velkost-m","20":"first","21":"instock","22":"taxable","23":"shipping-taxable","24":"purchasable","25":"product-type-variable"},"acf":[],"_links":{"self":[{"href":"https:\/\/gajos.sk\/eshop\/wp-json\/wp\/v2\/product\/343139","targetHints":{"allow":["GET"]}}],"collection":[{"href":"https:\/\/gajos.sk\/eshop\/wp-json\/wp\/v2\/product"}],"about":[{"href":"https:\/\/gajos.sk\/eshop\/wp-json\/wp\/v2\/types\/product"}],"wp:featuredmedia":[{"embeddable":true,"href":"https:\/\/gajos.sk\/eshop\/wp-json\/wp\/v2\/media\/343141"}],"wp:attachment":[{"href":"https:\/\/gajos.sk\/eshop\/wp-json\/wp\/v2\/media?parent=343139"}],"wp:term":[{"taxonomy":"product_brand","embeddable":true,"href":"https:\/\/gajos.sk\/eshop\/wp-json\/wp\/v2\/product_brand?post=343139"},{"taxonomy":"product_cat","embeddable":true,"href":"https:\/\/gajos.sk\/eshop\/wp-json\/wp\/v2\/product_cat?post=343139"},{"taxonomy":"product_tag","embeddable":true,"href":"https:\/\/gajos.sk\/eshop\/wp-json\/wp\/v2\/product_tag?post=343139"}],"curies":[{"name":"wp","href":"https:\/\/api.w.org\/{rel}","templated":true}]}}