{"id":343128,"date":"2024-03-01T21:01:15","date_gmt":"2024-03-01T20:01:15","guid":{"rendered":"https:\/\/gajostest.a2hosted.com\/eshop\/hydra-oblek-do-dazda-pvc\/"},"modified":"2026-05-07T21:36:32","modified_gmt":"2026-05-07T19:36:32","slug":"hydra-oblek-do-dazda-pvc","status":"publish","type":"product","link":"https:\/\/gajos.sk\/eshop\/p\/hydra-oblek-do-dazda-pvc\/","title":{"rendered":"HYDRA oblek do da\u017e\u010fa PVC"},"content":{"rendered":"","protected":false},"excerpt":{"rendered":"<p>Ochrann\u00fd dvojdielny oblek s kapuc\u0148ou.<\/p>\n","protected":false},"featured_media":343130,"template":"","meta":{"_acf_changed":false,"inline_featured_image":false},"product_brand":[],"product_cat":[2175],"product_tag":[1179],"class_list":{"0":"post-343128","1":"product","2":"type-product","3":"status-publish","4":"has-post-thumbnail","6":"product_cat-produkty","7":"product_tag-cerva","8":"pa_farba-zelena","9":"pa_farba-zlta","10":"pa_velkost-xl","11":"pa_velkost-l","12":"pa_velkost-m","13":"pa_velkost-3xl","14":"pa_velkost-xxl","16":"first","17":"instock","18":"taxable","19":"shipping-taxable","20":"purchasable","21":"product-type-variable"},"acf":[],"_links":{"self":[{"href":"https:\/\/gajos.sk\/eshop\/wp-json\/wp\/v2\/product\/343128","targetHints":{"allow":["GET"]}}],"collection":[{"href":"https:\/\/gajos.sk\/eshop\/wp-json\/wp\/v2\/product"}],"about":[{"href":"https:\/\/gajos.sk\/eshop\/wp-json\/wp\/v2\/types\/product"}],"wp:featuredmedia":[{"embeddable":true,"href":"https:\/\/gajos.sk\/eshop\/wp-json\/wp\/v2\/media\/343130"}],"wp:attachment":[{"href":"https:\/\/gajos.sk\/eshop\/wp-json\/wp\/v2\/media?parent=343128"}],"wp:term":[{"taxonomy":"product_brand","embeddable":true,"href":"https:\/\/gajos.sk\/eshop\/wp-json\/wp\/v2\/product_brand?post=343128"},{"taxonomy":"product_cat","embeddable":true,"href":"https:\/\/gajos.sk\/eshop\/wp-json\/wp\/v2\/product_cat?post=343128"},{"taxonomy":"product_tag","embeddable":true,"href":"https:\/\/gajos.sk\/eshop\/wp-json\/wp\/v2\/product_tag?post=343128"}],"curies":[{"name":"wp","href":"https:\/\/api.w.org\/{rel}","templated":true}]}}