{"id":343106,"date":"2024-03-01T21:01:09","date_gmt":"2024-03-01T20:01:09","guid":{"rendered":"https:\/\/gajostest.a2hosted.com\/eshop\/carina-oblek-s-kapucnou\/"},"modified":"2026-05-07T21:36:32","modified_gmt":"2026-05-07T19:36:32","slug":"carina-oblek-s-kapucnou","status":"publish","type":"product","link":"https:\/\/gajos.sk\/eshop\/p\/carina-oblek-s-kapucnou\/","title":{"rendered":"CARINA oblek s kapuc\u0148ou"},"content":{"rendered":"","protected":false},"excerpt":{"rendered":"<p>V\u00fdstra\u017en\u00fd dvojdielny ochrann\u00fd oblek s kapuc\u0148ou v praktickom balen\u00ed.<\/p>\n","protected":false},"featured_media":343108,"template":"","meta":{"_acf_changed":false,"inline_featured_image":false},"product_brand":[],"product_cat":[2175],"product_tag":[1179],"class_list":{"0":"post-343106","1":"product","2":"type-product","3":"status-publish","4":"has-post-thumbnail","6":"product_cat-produkty","7":"product_tag-cerva","8":"pa_farba-camouflage","9":"pa_farba-modra","10":"pa_farba-zelena","11":"pa_farba-zlta","12":"pa_velkost-l","13":"pa_velkost-m","14":"pa_velkost-3xl","15":"pa_velkost-xxl","16":"pa_velkost-xl","18":"first","19":"instock","20":"taxable","21":"shipping-taxable","22":"purchasable","23":"product-type-variable"},"acf":[],"_links":{"self":[{"href":"https:\/\/gajos.sk\/eshop\/wp-json\/wp\/v2\/product\/343106","targetHints":{"allow":["GET"]}}],"collection":[{"href":"https:\/\/gajos.sk\/eshop\/wp-json\/wp\/v2\/product"}],"about":[{"href":"https:\/\/gajos.sk\/eshop\/wp-json\/wp\/v2\/types\/product"}],"wp:featuredmedia":[{"embeddable":true,"href":"https:\/\/gajos.sk\/eshop\/wp-json\/wp\/v2\/media\/343108"}],"wp:attachment":[{"href":"https:\/\/gajos.sk\/eshop\/wp-json\/wp\/v2\/media?parent=343106"}],"wp:term":[{"taxonomy":"product_brand","embeddable":true,"href":"https:\/\/gajos.sk\/eshop\/wp-json\/wp\/v2\/product_brand?post=343106"},{"taxonomy":"product_cat","embeddable":true,"href":"https:\/\/gajos.sk\/eshop\/wp-json\/wp\/v2\/product_cat?post=343106"},{"taxonomy":"product_tag","embeddable":true,"href":"https:\/\/gajos.sk\/eshop\/wp-json\/wp\/v2\/product_tag?post=343106"}],"curies":[{"name":"wp","href":"https:\/\/api.w.org\/{rel}","templated":true}]}}