{"id":343040,"date":"2024-03-01T20:59:53","date_gmt":"2024-03-01T19:59:53","guid":{"rendered":"https:\/\/gajostest.a2hosted.com\/eshop\/sk-plast-pansky-dlhy-rukav\/"},"modified":"2026-05-07T21:36:32","modified_gmt":"2026-05-07T19:36:32","slug":"sk-plast-pansky-dlhy-rukav","status":"publish","type":"product","link":"https:\/\/gajos.sk\/eshop\/p\/sk-plast-pansky-dlhy-rukav\/","title":{"rendered":"SK Pl\u00e1\u0161\u0165 pansk\u00fd dlh\u00fd ruk\u00e1v"},"content":{"rendered":"","protected":false},"excerpt":{"rendered":"","protected":false},"featured_media":0,"template":"","meta":{"_acf_changed":false,"inline_featured_image":false},"product_brand":[],"product_cat":[2175],"product_tag":[1179],"class_list":{"0":"post-343040","1":"product","2":"type-product","3":"status-publish","5":"product_cat-produkty","6":"product_tag-cerva","7":"pa_farba-modra","8":"pa_farba-biela","9":"pa_velkost-3123","10":"pa_velkost-3155","11":"pa_velkost-3157","12":"pa_velkost-3158","13":"pa_velkost-3159","14":"pa_velkost-3160","15":"pa_velkost-3161","16":"pa_velkost-3162","17":"pa_velkost-3110","18":"pa_velkost-3121","20":"first","21":"instock","22":"taxable","23":"shipping-taxable","24":"purchasable","25":"product-type-variable"},"acf":[],"_links":{"self":[{"href":"https:\/\/gajos.sk\/eshop\/wp-json\/wp\/v2\/product\/343040","targetHints":{"allow":["GET"]}}],"collection":[{"href":"https:\/\/gajos.sk\/eshop\/wp-json\/wp\/v2\/product"}],"about":[{"href":"https:\/\/gajos.sk\/eshop\/wp-json\/wp\/v2\/types\/product"}],"wp:attachment":[{"href":"https:\/\/gajos.sk\/eshop\/wp-json\/wp\/v2\/media?parent=343040"}],"wp:term":[{"taxonomy":"product_brand","embeddable":true,"href":"https:\/\/gajos.sk\/eshop\/wp-json\/wp\/v2\/product_brand?post=343040"},{"taxonomy":"product_cat","embeddable":true,"href":"https:\/\/gajos.sk\/eshop\/wp-json\/wp\/v2\/product_cat?post=343040"},{"taxonomy":"product_tag","embeddable":true,"href":"https:\/\/gajos.sk\/eshop\/wp-json\/wp\/v2\/product_tag?post=343040"}],"curies":[{"name":"wp","href":"https:\/\/api.w.org\/{rel}","templated":true}]}}