{"id":343015,"date":"2024-03-01T20:59:46","date_gmt":"2024-03-01T19:59:46","guid":{"rendered":"https:\/\/gajostest.a2hosted.com\/eshop\/sk-plast-damsky-kratky-rukav\/"},"modified":"2026-05-07T21:36:32","modified_gmt":"2026-05-07T19:36:32","slug":"sk-plast-damsky-kratky-rukav","status":"publish","type":"product","link":"https:\/\/gajos.sk\/eshop\/p\/sk-plast-damsky-kratky-rukav\/","title":{"rendered":"SK Pl\u00e1\u0161\u0165 d\u00e1msky kr\u00e1tky ruk\u00e1v"},"content":{"rendered":"","protected":false},"excerpt":{"rendered":"","protected":false},"featured_media":0,"template":"","meta":{"_acf_changed":false,"inline_featured_image":false},"product_brand":[],"product_cat":[2175],"product_tag":[1179],"class_list":{"0":"post-343015","1":"product","2":"type-product","3":"status-publish","5":"product_cat-produkty","6":"product_tag-cerva","7":"pa_farba-modra","8":"pa_farba-biela","9":"pa_velkost-3114","10":"pa_velkost-3116","11":"pa_velkost-3118","12":"pa_velkost-3120","13":"pa_velkost-3121","14":"pa_velkost-3123","15":"pa_velkost-3158","16":"pa_velkost-3159","17":"pa_velkost-3160","18":"pa_velkost-3110","19":"pa_velkost-3161","20":"pa_velkost-3112","22":"first","23":"instock","24":"taxable","25":"shipping-taxable","26":"purchasable","27":"product-type-variable"},"acf":[],"_links":{"self":[{"href":"https:\/\/gajos.sk\/eshop\/wp-json\/wp\/v2\/product\/343015","targetHints":{"allow":["GET"]}}],"collection":[{"href":"https:\/\/gajos.sk\/eshop\/wp-json\/wp\/v2\/product"}],"about":[{"href":"https:\/\/gajos.sk\/eshop\/wp-json\/wp\/v2\/types\/product"}],"wp:attachment":[{"href":"https:\/\/gajos.sk\/eshop\/wp-json\/wp\/v2\/media?parent=343015"}],"wp:term":[{"taxonomy":"product_brand","embeddable":true,"href":"https:\/\/gajos.sk\/eshop\/wp-json\/wp\/v2\/product_brand?post=343015"},{"taxonomy":"product_cat","embeddable":true,"href":"https:\/\/gajos.sk\/eshop\/wp-json\/wp\/v2\/product_cat?post=343015"},{"taxonomy":"product_tag","embeddable":true,"href":"https:\/\/gajos.sk\/eshop\/wp-json\/wp\/v2\/product_tag?post=343015"}],"curies":[{"name":"wp","href":"https:\/\/api.w.org\/{rel}","templated":true}]}}