{"id":342994,"date":"2024-03-01T20:59:38","date_gmt":"2024-03-01T19:59:38","guid":{"rendered":"https:\/\/gajostest.a2hosted.com\/eshop\/gordon-hv-plast\/"},"modified":"2026-04-15T21:40:53","modified_gmt":"2026-04-15T19:40:53","slug":"gordon-hv-plast","status":"publish","type":"product","link":"https:\/\/gajos.sk\/eshop\/p\/gordon-hv-plast\/","title":{"rendered":"GORDON HV pl\u00e1\u0161\u0165"},"content":{"rendered":"","protected":false},"excerpt":{"rendered":"<p>\u2022 hi-vis nepremokav\u00fd \u013eahk\u00fd pl\u00e1\u0161\u0165 s kapuc\u0148ou a reflexn\u00fdmi pruhmi\u2022 integrovan\u00e1 kapuc\u0148a v golieri\u2022 odvetr\u00e1vanie na chrbte a v podpazu\u0161\u00ed\u2022 podlepen\u00e9 \u0161vy<\/p>\n","protected":false},"featured_media":342996,"template":"","meta":{"_acf_changed":false,"inline_featured_image":false},"product_brand":[],"product_cat":[2121,2168,2122],"product_tag":[1179],"class_list":{"0":"post-342994","1":"product","2":"type-product","3":"status-publish","4":"has-post-thumbnail","6":"product_cat-odevy","7":"product_cat-plaste","8":"product_cat-bundy-a-kabaty","9":"product_tag-cerva","10":"pa_farba-zlta","11":"pa_farba-oranzova","12":"pa_velkost-3xl","13":"pa_velkost-xxl","14":"pa_velkost-xl","15":"pa_velkost-l","16":"pa_velkost-m","17":"pa_velkost-s","19":"first","20":"instock","21":"taxable","22":"shipping-taxable","23":"purchasable","24":"product-type-variable"},"acf":[],"_links":{"self":[{"href":"https:\/\/gajos.sk\/eshop\/wp-json\/wp\/v2\/product\/342994","targetHints":{"allow":["GET"]}}],"collection":[{"href":"https:\/\/gajos.sk\/eshop\/wp-json\/wp\/v2\/product"}],"about":[{"href":"https:\/\/gajos.sk\/eshop\/wp-json\/wp\/v2\/types\/product"}],"wp:featuredmedia":[{"embeddable":true,"href":"https:\/\/gajos.sk\/eshop\/wp-json\/wp\/v2\/media\/342996"}],"wp:attachment":[{"href":"https:\/\/gajos.sk\/eshop\/wp-json\/wp\/v2\/media?parent=342994"}],"wp:term":[{"taxonomy":"product_brand","embeddable":true,"href":"https:\/\/gajos.sk\/eshop\/wp-json\/wp\/v2\/product_brand?post=342994"},{"taxonomy":"product_cat","embeddable":true,"href":"https:\/\/gajos.sk\/eshop\/wp-json\/wp\/v2\/product_cat?post=342994"},{"taxonomy":"product_tag","embeddable":true,"href":"https:\/\/gajos.sk\/eshop\/wp-json\/wp\/v2\/product_tag?post=342994"}],"curies":[{"name":"wp","href":"https:\/\/api.w.org\/{rel}","templated":true}]}}