{"id":342991,"date":"2024-03-01T20:59:38","date_gmt":"2024-03-01T19:59:38","guid":{"rendered":"https:\/\/gajostest.a2hosted.com\/eshop\/yowie-lady-plast-do-dazda\/"},"modified":"2026-04-11T17:51:06","modified_gmt":"2026-04-11T15:51:06","slug":"yowie-lady-plast-do-dazda","status":"publish","type":"product","link":"https:\/\/gajos.sk\/eshop\/p\/yowie-lady-plast-do-dazda\/","title":{"rendered":"YOWIE LADY pl\u00e1\u0161\u0165 do da\u017e\u010fa"},"content":{"rendered":"","protected":false},"excerpt":{"rendered":"<p>D\u00e1msky pl\u00e1\u0161\u0165 do da\u017e\u010fa s atrakt\u00edvnou potla\u010dou ladiacou ku kolekcii Yowie. Zap\u00ednanie na zips kryt\u00e9 l\u00e9gou so zap\u00ednan\u00edm na cvoky. 2 bo\u010dn\u00e9 vreck\u00e1 s pr\u00edklopkou na cvoky. 2 vetracie otvory v podpazu\u0161\u00ed. Nastavite\u013en\u00e1 \u0161\u00edrka ruk\u00e1vov pomocou cvokov. Elastick\u00fd PU materi\u00e1l.<\/p>\n","protected":false},"featured_media":342993,"template":"","meta":{"_acf_changed":false,"inline_featured_image":false},"product_brand":[],"product_cat":[2121,2168,2122],"product_tag":[1244],"class_list":{"0":"post-342991","1":"product","2":"type-product","3":"status-publish","4":"has-post-thumbnail","6":"product_cat-odevy","7":"product_cat-plaste","8":"product_cat-bundy-a-kabaty","9":"product_tag-crv","10":"pa_farba-navy-sv-fialova","11":"pa_velkost-xs","13":"first","14":"instock","15":"taxable","16":"shipping-taxable","17":"product-type-variable"},"acf":[],"_links":{"self":[{"href":"https:\/\/gajos.sk\/eshop\/wp-json\/wp\/v2\/product\/342991","targetHints":{"allow":["GET"]}}],"collection":[{"href":"https:\/\/gajos.sk\/eshop\/wp-json\/wp\/v2\/product"}],"about":[{"href":"https:\/\/gajos.sk\/eshop\/wp-json\/wp\/v2\/types\/product"}],"wp:featuredmedia":[{"embeddable":true,"href":"https:\/\/gajos.sk\/eshop\/wp-json\/wp\/v2\/media\/342993"}],"wp:attachment":[{"href":"https:\/\/gajos.sk\/eshop\/wp-json\/wp\/v2\/media?parent=342991"}],"wp:term":[{"taxonomy":"product_brand","embeddable":true,"href":"https:\/\/gajos.sk\/eshop\/wp-json\/wp\/v2\/product_brand?post=342991"},{"taxonomy":"product_cat","embeddable":true,"href":"https:\/\/gajos.sk\/eshop\/wp-json\/wp\/v2\/product_cat?post=342991"},{"taxonomy":"product_tag","embeddable":true,"href":"https:\/\/gajos.sk\/eshop\/wp-json\/wp\/v2\/product_tag?post=342991"}],"curies":[{"name":"wp","href":"https:\/\/api.w.org\/{rel}","templated":true}]}}