{"id":342905,"date":"2024-03-01T20:59:14","date_gmt":"2024-03-01T19:59:14","guid":{"rendered":"https:\/\/gajostest.a2hosted.com\/eshop\/tyvek-500-zip-plast\/"},"modified":"2026-05-07T21:34:29","modified_gmt":"2026-05-07T19:34:29","slug":"tyvek-500-zip-plast","status":"publish","type":"product","link":"https:\/\/gajos.sk\/eshop\/p\/tyvek-500-zip-plast\/","title":{"rendered":"Tyvek 500 Zip pl\u00e1\u0161\u0165"},"content":{"rendered":"","protected":false},"excerpt":{"rendered":"","protected":false},"featured_media":0,"template":"","meta":{"_acf_changed":false,"inline_featured_image":false},"product_brand":[],"product_cat":[2175],"product_tag":[1206],"class_list":{"0":"post-342905","1":"product","2":"type-product","3":"status-publish","5":"product_cat-produkty","6":"product_tag-dupont","7":"pa_velkost-xxl","8":"pa_velkost-xl","9":"pa_velkost-l","10":"pa_velkost-m","11":"pa_velkost-s","13":"first","14":"instock","15":"taxable","16":"shipping-taxable","17":"purchasable","18":"product-type-variable"},"acf":[],"_links":{"self":[{"href":"https:\/\/gajos.sk\/eshop\/wp-json\/wp\/v2\/product\/342905","targetHints":{"allow":["GET"]}}],"collection":[{"href":"https:\/\/gajos.sk\/eshop\/wp-json\/wp\/v2\/product"}],"about":[{"href":"https:\/\/gajos.sk\/eshop\/wp-json\/wp\/v2\/types\/product"}],"wp:attachment":[{"href":"https:\/\/gajos.sk\/eshop\/wp-json\/wp\/v2\/media?parent=342905"}],"wp:term":[{"taxonomy":"product_brand","embeddable":true,"href":"https:\/\/gajos.sk\/eshop\/wp-json\/wp\/v2\/product_brand?post=342905"},{"taxonomy":"product_cat","embeddable":true,"href":"https:\/\/gajos.sk\/eshop\/wp-json\/wp\/v2\/product_cat?post=342905"},{"taxonomy":"product_tag","embeddable":true,"href":"https:\/\/gajos.sk\/eshop\/wp-json\/wp\/v2\/product_tag?post=342905"}],"curies":[{"name":"wp","href":"https:\/\/api.w.org\/{rel}","templated":true}]}}