{"id":342868,"date":"2024-03-01T20:57:57","date_gmt":"2024-03-01T19:57:57","guid":{"rendered":"https:\/\/gajostest.a2hosted.com\/eshop\/neptun-plast\/"},"modified":"2026-05-07T21:34:29","modified_gmt":"2026-05-07T19:34:29","slug":"neptun-plast","status":"publish","type":"product","link":"https:\/\/gajos.sk\/eshop\/p\/neptun-plast\/","title":{"rendered":"NEPTUN pl\u00e1\u0161\u0165"},"content":{"rendered":"","protected":false},"excerpt":{"rendered":"<p>Ochrann\u00fd pl\u00e1\u0161\u0165 s kapuc\u0148ou, prelepen\u00fdmi \u0161v\u00edkmi, v praktickom balen\u00ed.<\/p>\n","protected":false},"featured_media":342870,"template":"","meta":{"_acf_changed":false,"inline_featured_image":false},"product_brand":[],"product_cat":[2121,2168,2122],"product_tag":[1179],"class_list":{"0":"post-342868","1":"product","2":"type-product","3":"status-publish","4":"has-post-thumbnail","6":"product_cat-odevy","7":"product_cat-plaste","8":"product_cat-bundy-a-kabaty","9":"product_tag-cerva","10":"pa_farba-zlta","11":"pa_farba-modra","12":"pa_farba-zelena","13":"pa_velkost-xl","14":"pa_velkost-l","15":"pa_velkost-m","16":"pa_velkost-3xl","17":"pa_velkost-xxl","19":"first","20":"instock","21":"taxable","22":"shipping-taxable","23":"purchasable","24":"product-type-variable"},"acf":[],"_links":{"self":[{"href":"https:\/\/gajos.sk\/eshop\/wp-json\/wp\/v2\/product\/342868","targetHints":{"allow":["GET"]}}],"collection":[{"href":"https:\/\/gajos.sk\/eshop\/wp-json\/wp\/v2\/product"}],"about":[{"href":"https:\/\/gajos.sk\/eshop\/wp-json\/wp\/v2\/types\/product"}],"wp:featuredmedia":[{"embeddable":true,"href":"https:\/\/gajos.sk\/eshop\/wp-json\/wp\/v2\/media\/342870"}],"wp:attachment":[{"href":"https:\/\/gajos.sk\/eshop\/wp-json\/wp\/v2\/media?parent=342868"}],"wp:term":[{"taxonomy":"product_brand","embeddable":true,"href":"https:\/\/gajos.sk\/eshop\/wp-json\/wp\/v2\/product_brand?post=342868"},{"taxonomy":"product_cat","embeddable":true,"href":"https:\/\/gajos.sk\/eshop\/wp-json\/wp\/v2\/product_cat?post=342868"},{"taxonomy":"product_tag","embeddable":true,"href":"https:\/\/gajos.sk\/eshop\/wp-json\/wp\/v2\/product_tag?post=342868"}],"curies":[{"name":"wp","href":"https:\/\/api.w.org\/{rel}","templated":true}]}}