{"id":342851,"date":"2024-03-01T20:57:51","date_gmt":"2024-03-01T19:57:51","guid":{"rendered":"https:\/\/gajostest.a2hosted.com\/eshop\/irwell-plastenka-pvc\/"},"modified":"2026-05-07T21:34:29","modified_gmt":"2026-05-07T19:34:29","slug":"irwell-plastenka-pvc","status":"publish","type":"product","link":"https:\/\/gajos.sk\/eshop\/p\/irwell-plastenka-pvc\/","title":{"rendered":"IRWELL pl\u00e1\u0161tenka PVC"},"content":{"rendered":"","protected":false},"excerpt":{"rendered":"<p>Dlh\u00fd ochrann\u00fd pl\u00e1\u0161\u0165 so s\u0165ahovacou kapuc\u0148ou.<\/p>\n","protected":false},"featured_media":342853,"template":"","meta":{"_acf_changed":false,"inline_featured_image":false},"product_brand":[],"product_cat":[2121,2168,2122],"product_tag":[1179],"class_list":{"0":"post-342851","1":"product","2":"type-product","3":"status-publish","4":"has-post-thumbnail","6":"product_cat-odevy","7":"product_cat-plaste","8":"product_cat-bundy-a-kabaty","9":"product_tag-cerva","10":"pa_farba-zelena","11":"pa_farba-zlta","12":"pa_velkost-xl","13":"pa_velkost-l","14":"pa_velkost-m","15":"pa_velkost-3xl","16":"pa_velkost-xxl","18":"first","19":"instock","20":"taxable","21":"shipping-taxable","22":"purchasable","23":"product-type-variable"},"acf":[],"_links":{"self":[{"href":"https:\/\/gajos.sk\/eshop\/wp-json\/wp\/v2\/product\/342851","targetHints":{"allow":["GET"]}}],"collection":[{"href":"https:\/\/gajos.sk\/eshop\/wp-json\/wp\/v2\/product"}],"about":[{"href":"https:\/\/gajos.sk\/eshop\/wp-json\/wp\/v2\/types\/product"}],"wp:featuredmedia":[{"embeddable":true,"href":"https:\/\/gajos.sk\/eshop\/wp-json\/wp\/v2\/media\/342853"}],"wp:attachment":[{"href":"https:\/\/gajos.sk\/eshop\/wp-json\/wp\/v2\/media?parent=342851"}],"wp:term":[{"taxonomy":"product_brand","embeddable":true,"href":"https:\/\/gajos.sk\/eshop\/wp-json\/wp\/v2\/product_brand?post=342851"},{"taxonomy":"product_cat","embeddable":true,"href":"https:\/\/gajos.sk\/eshop\/wp-json\/wp\/v2\/product_cat?post=342851"},{"taxonomy":"product_tag","embeddable":true,"href":"https:\/\/gajos.sk\/eshop\/wp-json\/wp\/v2\/product_tag?post=342851"}],"curies":[{"name":"wp","href":"https:\/\/api.w.org\/{rel}","templated":true}]}}