{"id":342848,"date":"2024-03-01T20:57:51","date_gmt":"2024-03-01T19:57:51","guid":{"rendered":"https:\/\/gajostest.a2hosted.com\/eshop\/bury-plastenka-100-pe\/"},"modified":"2026-05-07T21:34:29","modified_gmt":"2026-05-07T19:34:29","slug":"bury-plastenka-100-pe","status":"publish","type":"product","link":"https:\/\/gajos.sk\/eshop\/p\/bury-plastenka-100-pe\/","title":{"rendered":"BURY pl\u00e1\u0161t\u011bnka 100% PE"},"content":{"rendered":"","protected":false},"excerpt":{"rendered":"<p>waterproof raincoat with hood and press studs front fastening; loose shape for immediate use over the regular suit; taped seams; practical package.<\/p>\n","protected":false},"featured_media":342850,"template":"","meta":{"_acf_changed":false,"inline_featured_image":false},"product_brand":[],"product_cat":[2121,2168,2122],"product_tag":[1179],"class_list":{"0":"post-342848","1":"product","2":"type-product","3":"status-publish","4":"has-post-thumbnail","6":"product_cat-odevy","7":"product_cat-plaste","8":"product_cat-bundy-a-kabaty","9":"product_tag-cerva","10":"pa_farba-biela","12":"first","13":"instock","14":"taxable","15":"shipping-taxable","16":"purchasable","17":"product-type-variable"},"acf":[],"_links":{"self":[{"href":"https:\/\/gajos.sk\/eshop\/wp-json\/wp\/v2\/product\/342848","targetHints":{"allow":["GET"]}}],"collection":[{"href":"https:\/\/gajos.sk\/eshop\/wp-json\/wp\/v2\/product"}],"about":[{"href":"https:\/\/gajos.sk\/eshop\/wp-json\/wp\/v2\/types\/product"}],"wp:featuredmedia":[{"embeddable":true,"href":"https:\/\/gajos.sk\/eshop\/wp-json\/wp\/v2\/media\/342850"}],"wp:attachment":[{"href":"https:\/\/gajos.sk\/eshop\/wp-json\/wp\/v2\/media?parent=342848"}],"wp:term":[{"taxonomy":"product_brand","embeddable":true,"href":"https:\/\/gajos.sk\/eshop\/wp-json\/wp\/v2\/product_brand?post=342848"},{"taxonomy":"product_cat","embeddable":true,"href":"https:\/\/gajos.sk\/eshop\/wp-json\/wp\/v2\/product_cat?post=342848"},{"taxonomy":"product_tag","embeddable":true,"href":"https:\/\/gajos.sk\/eshop\/wp-json\/wp\/v2\/product_tag?post=342848"}],"curies":[{"name":"wp","href":"https:\/\/api.w.org\/{rel}","templated":true}]}}