{"id":342834,"date":"2024-03-01T20:57:46","date_gmt":"2024-03-01T19:57:46","guid":{"rendered":"https:\/\/gajostest.a2hosted.com\/eshop\/veris-plast-dl-rukav-damsky\/"},"modified":"2026-05-07T21:34:29","modified_gmt":"2026-05-07T19:34:29","slug":"veris-plast-dl-rukav-damsky","status":"publish","type":"product","link":"https:\/\/gajos.sk\/eshop\/p\/veris-plast-dl-rukav-damsky\/","title":{"rendered":"VERIS pl\u00e1\u0161\u0165 dl. ruk\u00e1v d\u00e1msky"},"content":{"rendered":"","protected":false},"excerpt":{"rendered":"<p>D\u00e1msky pl\u00e1\u0161\u0165 s dlh\u00fdm ruk\u00e1vom.<\/p>\n","protected":false},"featured_media":342836,"template":"","meta":{"_acf_changed":false,"inline_featured_image":false},"product_brand":[],"product_cat":[2175],"product_tag":[1179],"class_list":{"0":"post-342834","1":"product","2":"type-product","3":"status-publish","4":"has-post-thumbnail","6":"product_cat-produkty","7":"product_tag-cerva","8":"pa_farba-biela","9":"pa_velkost-3116","10":"pa_velkost-3118","11":"pa_velkost-3121","12":"pa_velkost-3123","13":"pa_velkost-3157","14":"pa_velkost-3158","15":"pa_velkost-3159","16":"pa_velkost-3160","17":"pa_velkost-3110","18":"pa_velkost-3161","19":"pa_velkost-3112","20":"pa_velkost-3114","22":"first","23":"instock","24":"taxable","25":"shipping-taxable","26":"purchasable","27":"product-type-variable"},"acf":[],"_links":{"self":[{"href":"https:\/\/gajos.sk\/eshop\/wp-json\/wp\/v2\/product\/342834","targetHints":{"allow":["GET"]}}],"collection":[{"href":"https:\/\/gajos.sk\/eshop\/wp-json\/wp\/v2\/product"}],"about":[{"href":"https:\/\/gajos.sk\/eshop\/wp-json\/wp\/v2\/types\/product"}],"wp:featuredmedia":[{"embeddable":true,"href":"https:\/\/gajos.sk\/eshop\/wp-json\/wp\/v2\/media\/342836"}],"wp:attachment":[{"href":"https:\/\/gajos.sk\/eshop\/wp-json\/wp\/v2\/media?parent=342834"}],"wp:term":[{"taxonomy":"product_brand","embeddable":true,"href":"https:\/\/gajos.sk\/eshop\/wp-json\/wp\/v2\/product_brand?post=342834"},{"taxonomy":"product_cat","embeddable":true,"href":"https:\/\/gajos.sk\/eshop\/wp-json\/wp\/v2\/product_cat?post=342834"},{"taxonomy":"product_tag","embeddable":true,"href":"https:\/\/gajos.sk\/eshop\/wp-json\/wp\/v2\/product_tag?post=342834"}],"curies":[{"name":"wp","href":"https:\/\/api.w.org\/{rel}","templated":true}]}}