{"id":342822,"date":"2024-03-01T20:57:40","date_gmt":"2024-03-01T19:57:40","guid":{"rendered":"https:\/\/gajostest.a2hosted.com\/eshop\/fern-plast-dl-rukav-pansky\/"},"modified":"2026-05-07T21:34:29","modified_gmt":"2026-05-07T19:34:29","slug":"fern-plast-dl-rukav-pansky","status":"publish","type":"product","link":"https:\/\/gajos.sk\/eshop\/p\/fern-plast-dl-rukav-pansky\/","title":{"rendered":"FERN pl\u00e1\u0161\u0165 dl. ruk\u00e1v p\u00e1nsk\u00fd"},"content":{"rendered":"","protected":false},"excerpt":{"rendered":"<p>P\u00e1nsky pracovn\u00fd pl\u00e1\u0161\u0165 s dlh\u00fdm ruk\u00e1vom.<\/p>\n","protected":false},"featured_media":342824,"template":"","meta":{"_acf_changed":false,"inline_featured_image":false},"product_brand":[],"product_cat":[2175],"product_tag":[1179],"class_list":{"0":"post-342822","1":"product","2":"type-product","3":"status-publish","4":"has-post-thumbnail","6":"product_cat-produkty","7":"product_tag-cerva","8":"pa_farba-biela","9":"pa_velkost-3123","10":"pa_velkost-3155","11":"pa_velkost-3157","12":"pa_velkost-3158","13":"pa_velkost-3159","14":"pa_velkost-3160","15":"pa_velkost-3161","16":"pa_velkost-3110","17":"pa_velkost-3112","18":"pa_velkost-3121","20":"first","21":"instock","22":"taxable","23":"shipping-taxable","24":"purchasable","25":"product-type-variable"},"acf":[],"_links":{"self":[{"href":"https:\/\/gajos.sk\/eshop\/wp-json\/wp\/v2\/product\/342822","targetHints":{"allow":["GET"]}}],"collection":[{"href":"https:\/\/gajos.sk\/eshop\/wp-json\/wp\/v2\/product"}],"about":[{"href":"https:\/\/gajos.sk\/eshop\/wp-json\/wp\/v2\/types\/product"}],"wp:featuredmedia":[{"embeddable":true,"href":"https:\/\/gajos.sk\/eshop\/wp-json\/wp\/v2\/media\/342824"}],"wp:attachment":[{"href":"https:\/\/gajos.sk\/eshop\/wp-json\/wp\/v2\/media?parent=342822"}],"wp:term":[{"taxonomy":"product_brand","embeddable":true,"href":"https:\/\/gajos.sk\/eshop\/wp-json\/wp\/v2\/product_brand?post=342822"},{"taxonomy":"product_cat","embeddable":true,"href":"https:\/\/gajos.sk\/eshop\/wp-json\/wp\/v2\/product_cat?post=342822"},{"taxonomy":"product_tag","embeddable":true,"href":"https:\/\/gajos.sk\/eshop\/wp-json\/wp\/v2\/product_tag?post=342822"}],"curies":[{"name":"wp","href":"https:\/\/api.w.org\/{rel}","templated":true}]}}