{"id":342816,"date":"2024-03-01T20:57:40","date_gmt":"2024-03-01T19:57:40","guid":{"rendered":"https:\/\/gajostest.a2hosted.com\/eshop\/bat-jednorazovy-navstevnicky-plast\/"},"modified":"2026-05-07T21:34:29","modified_gmt":"2026-05-07T19:34:29","slug":"bat-jednorazovy-navstevnicky-plast","status":"publish","type":"product","link":"https:\/\/gajos.sk\/eshop\/p\/bat-jednorazovy-navstevnicky-plast\/","title":{"rendered":"BAT jednorazov\u00fd n\u00e1v\u0161tevnick\u00fd pl\u00e1\u0161\u0165"},"content":{"rendered":"","protected":false},"excerpt":{"rendered":"<p>Jednorazov\u00fd ochrann\u00fd pl\u00e1\u0161\u0165.<\/p>\n","protected":false},"featured_media":342818,"template":"","meta":{"_acf_changed":false,"inline_featured_image":false},"product_brand":[],"product_cat":[2175],"product_tag":[1179],"class_list":{"0":"post-342816","1":"product","2":"type-product","3":"status-publish","4":"has-post-thumbnail","6":"product_cat-produkty","7":"product_tag-cerva","8":"pa_farba-biela","9":"pa_velkost-xl","10":"pa_velkost-l","11":"pa_velkost-m","12":"pa_velkost-xxl","14":"first","15":"instock","16":"taxable","17":"shipping-taxable","18":"purchasable","19":"product-type-variable"},"acf":[],"_links":{"self":[{"href":"https:\/\/gajos.sk\/eshop\/wp-json\/wp\/v2\/product\/342816","targetHints":{"allow":["GET"]}}],"collection":[{"href":"https:\/\/gajos.sk\/eshop\/wp-json\/wp\/v2\/product"}],"about":[{"href":"https:\/\/gajos.sk\/eshop\/wp-json\/wp\/v2\/types\/product"}],"wp:featuredmedia":[{"embeddable":true,"href":"https:\/\/gajos.sk\/eshop\/wp-json\/wp\/v2\/media\/342818"}],"wp:attachment":[{"href":"https:\/\/gajos.sk\/eshop\/wp-json\/wp\/v2\/media?parent=342816"}],"wp:term":[{"taxonomy":"product_brand","embeddable":true,"href":"https:\/\/gajos.sk\/eshop\/wp-json\/wp\/v2\/product_brand?post=342816"},{"taxonomy":"product_cat","embeddable":true,"href":"https:\/\/gajos.sk\/eshop\/wp-json\/wp\/v2\/product_cat?post=342816"},{"taxonomy":"product_tag","embeddable":true,"href":"https:\/\/gajos.sk\/eshop\/wp-json\/wp\/v2\/product_tag?post=342816"}],"curies":[{"name":"wp","href":"https:\/\/api.w.org\/{rel}","templated":true}]}}