{"id":342811,"date":"2024-03-01T20:57:36","date_gmt":"2024-03-01T19:57:36","guid":{"rendered":"https:\/\/gajostest.a2hosted.com\/eshop\/ronne-outdoor-sortky\/"},"modified":"2026-04-11T17:51:05","modified_gmt":"2026-04-11T15:51:05","slug":"ronne-outdoor-sortky","status":"publish","type":"product","link":"https:\/\/gajos.sk\/eshop\/p\/ronne-outdoor-sortky\/","title":{"rendered":"RONNE OUTDOOR \u0161ortky"},"content":{"rendered":"","protected":false},"excerpt":{"rendered":"<p>p\u00e1nske \u0161ortky s pru\u017en\u00fdm p\u00e1som; 2 postrann\u00e9 vreck\u00e1; 2 multifunk\u010dn\u00e9 stehenn\u00e9 vreck\u00e1; 2 zadn\u00e9 vreck\u00e1.<\/p>\n","protected":false},"featured_media":342813,"template":"","meta":{"_acf_changed":false,"inline_featured_image":false},"product_brand":[],"product_cat":[2133,2121,2126],"product_tag":[1244],"class_list":{"0":"post-342811","1":"product","2":"type-product","3":"status-publish","4":"has-post-thumbnail","6":"product_cat-sortky","7":"product_cat-odevy","8":"product_cat-nohavice-a-overaly","9":"product_tag-crv","10":"pa_farba-cierna","11":"pa_farba-navy","12":"pa_velkost-s","14":"first","15":"instock","16":"taxable","17":"shipping-taxable","18":"product-type-variable"},"acf":[],"_links":{"self":[{"href":"https:\/\/gajos.sk\/eshop\/wp-json\/wp\/v2\/product\/342811","targetHints":{"allow":["GET"]}}],"collection":[{"href":"https:\/\/gajos.sk\/eshop\/wp-json\/wp\/v2\/product"}],"about":[{"href":"https:\/\/gajos.sk\/eshop\/wp-json\/wp\/v2\/types\/product"}],"wp:featuredmedia":[{"embeddable":true,"href":"https:\/\/gajos.sk\/eshop\/wp-json\/wp\/v2\/media\/342813"}],"wp:attachment":[{"href":"https:\/\/gajos.sk\/eshop\/wp-json\/wp\/v2\/media?parent=342811"}],"wp:term":[{"taxonomy":"product_brand","embeddable":true,"href":"https:\/\/gajos.sk\/eshop\/wp-json\/wp\/v2\/product_brand?post=342811"},{"taxonomy":"product_cat","embeddable":true,"href":"https:\/\/gajos.sk\/eshop\/wp-json\/wp\/v2\/product_cat?post=342811"},{"taxonomy":"product_tag","embeddable":true,"href":"https:\/\/gajos.sk\/eshop\/wp-json\/wp\/v2\/product_tag?post=342811"}],"curies":[{"name":"wp","href":"https:\/\/api.w.org\/{rel}","templated":true}]}}