{"id":342747,"date":"2024-03-01T20:57:19","date_gmt":"2024-03-01T19:57:19","guid":{"rendered":"https:\/\/gajostest.a2hosted.com\/eshop\/cremorne-sortky\/"},"modified":"2026-05-07T21:34:29","modified_gmt":"2026-05-07T19:34:29","slug":"cremorne-sortky","status":"publish","type":"product","link":"https:\/\/gajos.sk\/eshop\/p\/cremorne-sortky\/","title":{"rendered":"CREMORNE \u0161ortky"},"content":{"rendered":"","protected":false},"excerpt":{"rendered":"<p>p\u00e1nske pracovn\u00e9 \u0161ortky z hustej bavlnenej tkaniny; modern\u00fd strih; 2 bo\u010dn\u00e9 vreck\u00e1; 1 bo\u010dn\u00e9 multifunk\u010dn\u00e9 vrecko na nohavici; zadn\u00e9 vrecko so such\u00fdm zipsom; elastick\u00fd p\u00e1s; D-kr\u00fa\u017eok<\/p>\n","protected":false},"featured_media":342749,"template":"","meta":{"_acf_changed":false,"inline_featured_image":false},"product_brand":[],"product_cat":[2133,2121,2126],"product_tag":[1179],"class_list":{"0":"post-342747","1":"product","2":"type-product","3":"status-publish","4":"has-post-thumbnail","6":"product_cat-sortky","7":"product_cat-odevy","8":"product_cat-nohavice-a-overaly","9":"product_tag-cerva","10":"pa_farba-siva","11":"pa_farba-biela","12":"pa_farba-petrolejova","13":"pa_farba-sv-olivova","14":"pa_farba-navy","15":"pa_velkost-3158","16":"pa_velkost-3159","17":"pa_velkost-3160","18":"pa_velkost-3161","19":"pa_velkost-3162","20":"pa_velkost-3110","21":"pa_velkost-3121","22":"pa_velkost-3123","23":"pa_velkost-3155","24":"pa_velkost-3157","26":"first","27":"instock","28":"taxable","29":"shipping-taxable","30":"purchasable","31":"product-type-variable"},"acf":[],"_links":{"self":[{"href":"https:\/\/gajos.sk\/eshop\/wp-json\/wp\/v2\/product\/342747","targetHints":{"allow":["GET"]}}],"collection":[{"href":"https:\/\/gajos.sk\/eshop\/wp-json\/wp\/v2\/product"}],"about":[{"href":"https:\/\/gajos.sk\/eshop\/wp-json\/wp\/v2\/types\/product"}],"wp:featuredmedia":[{"embeddable":true,"href":"https:\/\/gajos.sk\/eshop\/wp-json\/wp\/v2\/media\/342749"}],"wp:attachment":[{"href":"https:\/\/gajos.sk\/eshop\/wp-json\/wp\/v2\/media?parent=342747"}],"wp:term":[{"taxonomy":"product_brand","embeddable":true,"href":"https:\/\/gajos.sk\/eshop\/wp-json\/wp\/v2\/product_brand?post=342747"},{"taxonomy":"product_cat","embeddable":true,"href":"https:\/\/gajos.sk\/eshop\/wp-json\/wp\/v2\/product_cat?post=342747"},{"taxonomy":"product_tag","embeddable":true,"href":"https:\/\/gajos.sk\/eshop\/wp-json\/wp\/v2\/product_tag?post=342747"}],"curies":[{"name":"wp","href":"https:\/\/api.w.org\/{rel}","templated":true}]}}