{"id":342658,"date":"2024-03-01T20:55:59","date_gmt":"2024-03-01T19:55:59","guid":{"rendered":"https:\/\/gajostest.a2hosted.com\/eshop\/dayboro-sortky\/"},"modified":"2026-05-07T21:34:29","modified_gmt":"2026-05-07T19:34:29","slug":"dayboro-sortky","status":"publish","type":"product","link":"https:\/\/gajos.sk\/eshop\/p\/dayboro-sortky\/","title":{"rendered":"DAYBORO \u0161ortky"},"content":{"rendered":"","protected":false},"excerpt":{"rendered":"<p>p\u00e1nske pracovn\u00e9 \u0161ortky; elastick\u00e1 inovat\u00edvna tkanina TRIFIBETEX &#8211; ergonomick\u00fd strih; n\u00edzky elastick\u00fd p\u00e1s; trvanliv\u00e9 trojit\u00e9 pre\u0161\u00edvanie nohav\u00edc a rozkroku; priestrann\u00e9 multifunk\u010dn\u00e9 predn\u00e9 vreck\u00e1 s popruhom na n\u00e1radie; 2 zadn\u00e9 vreck\u00e1 s pr\u00edklopkami s oxfordsk\u00fdm vystu\u017een\u00edm; stehenn\u00e9 vrecko na telef\u00f3n s pr\u00edklopkou so such\u00fdm zipsom; vrecko na prav\u00edtko; vrecko na n\u00f4\u017e; oko na kladivo; D-kr\u00fa\u017eok; popruh na n\u00e1stroj v p\u00e1se; p\u00f4vodn\u00e9 spracovanie zap\u00ednania r\u00e1zporku; reflexn\u00fd odtie\u0148 vo farebn\u00fdch \u010dastiach\u00a0<\/p>\n","protected":false},"featured_media":342660,"template":"","meta":{"_acf_changed":false,"inline_featured_image":false},"product_brand":[],"product_cat":[2133,2121,2126],"product_tag":[1179],"class_list":{"0":"post-342658","1":"product","2":"type-product","3":"status-publish","4":"has-post-thumbnail","6":"product_cat-sortky","7":"product_cat-odevy","8":"product_cat-nohavice-a-overaly","9":"product_tag-cerva","10":"pa_farba-antracit","11":"pa_farba-navy","12":"pa_farba-mech-zelena","13":"pa_farba-petrolejova","14":"pa_farba-tm-hneda","15":"pa_farba-cierna","16":"pa_farba-biela","17":"pa_velkost-3158","18":"pa_velkost-3110","19":"pa_velkost-3159","20":"pa_velkost-3112","21":"pa_velkost-3160","22":"pa_velkost-3114","23":"pa_velkost-3161","24":"pa_velkost-3116","25":"pa_velkost-3162","26":"pa_velkost-3121","27":"pa_velkost-3123","28":"pa_velkost-3155","29":"pa_velkost-3157","31":"first","32":"instock","33":"taxable","34":"shipping-taxable","35":"purchasable","36":"product-type-variable"},"acf":[],"_links":{"self":[{"href":"https:\/\/gajos.sk\/eshop\/wp-json\/wp\/v2\/product\/342658","targetHints":{"allow":["GET"]}}],"collection":[{"href":"https:\/\/gajos.sk\/eshop\/wp-json\/wp\/v2\/product"}],"about":[{"href":"https:\/\/gajos.sk\/eshop\/wp-json\/wp\/v2\/types\/product"}],"wp:featuredmedia":[{"embeddable":true,"href":"https:\/\/gajos.sk\/eshop\/wp-json\/wp\/v2\/media\/342660"}],"wp:attachment":[{"href":"https:\/\/gajos.sk\/eshop\/wp-json\/wp\/v2\/media?parent=342658"}],"wp:term":[{"taxonomy":"product_brand","embeddable":true,"href":"https:\/\/gajos.sk\/eshop\/wp-json\/wp\/v2\/product_brand?post=342658"},{"taxonomy":"product_cat","embeddable":true,"href":"https:\/\/gajos.sk\/eshop\/wp-json\/wp\/v2\/product_cat?post=342658"},{"taxonomy":"product_tag","embeddable":true,"href":"https:\/\/gajos.sk\/eshop\/wp-json\/wp\/v2\/product_tag?post=342658"}],"curies":[{"name":"wp","href":"https:\/\/api.w.org\/{rel}","templated":true}]}}