{"id":342639,"date":"2024-03-01T20:55:51","date_gmt":"2024-03-01T19:55:51","guid":{"rendered":"https:\/\/gajostest.a2hosted.com\/eshop\/yowie-sortky-damske\/"},"modified":"2026-04-25T21:42:55","modified_gmt":"2026-04-25T19:42:55","slug":"yowie-sortky-damske","status":"publish","type":"product","link":"https:\/\/gajos.sk\/eshop\/p\/yowie-sortky-damske\/","title":{"rendered":"YOWIE \u0161ortky d\u00e1mske"},"content":{"rendered":"","protected":false},"excerpt":{"rendered":"<p>d\u00e1msk\u00e9 pracovn\u00e9 \u0161ortky z pohodln\u00e9ho elastick\u00e9ho materi\u00e1lu; dekorat\u00edvna atrakt\u00edvna potla\u010d na nohaviciach; 2 ve\u013ek\u00e9 predn\u00e9 vreck\u00e1 s multifunk\u010dn\u00fdmi p\u00fatkami; 2 multifunk\u010dn\u00e9 vreck\u00e1 na nohaviciach a 2 zadn\u00e9 vreck\u00e1, z toho jedno s pr\u00edklopkou na such\u00fd zips; dekorativn\u00e9 pre\u0161itie a atrakt\u00edvna farebn\u00e1 kombin\u00e1cia ladiaca s kolekciou Yowie<\/p>\n","protected":false},"featured_media":342641,"template":"","meta":{"_acf_changed":false,"inline_featured_image":false},"product_brand":[],"product_cat":[2133,2121,2126],"product_tag":[1244],"class_list":{"0":"post-342639","1":"product","2":"type-product","3":"status-publish","4":"has-post-thumbnail","6":"product_cat-sortky","7":"product_cat-odevy","8":"product_cat-nohavice-a-overaly","9":"product_tag-crv","10":"pa_farba-hneda-zelena","11":"pa_farba-navy-sv-fialova","12":"pa_velkost-3110","13":"pa_velkost-3112","14":"pa_velkost-3114","15":"pa_velkost-3116","16":"pa_velkost-3118","17":"pa_velkost-3120","18":"pa_velkost-3121","19":"pa_velkost-3195","21":"first","22":"instock","23":"taxable","24":"shipping-taxable","25":"purchasable","26":"product-type-variable"},"acf":[],"_links":{"self":[{"href":"https:\/\/gajos.sk\/eshop\/wp-json\/wp\/v2\/product\/342639","targetHints":{"allow":["GET"]}}],"collection":[{"href":"https:\/\/gajos.sk\/eshop\/wp-json\/wp\/v2\/product"}],"about":[{"href":"https:\/\/gajos.sk\/eshop\/wp-json\/wp\/v2\/types\/product"}],"wp:featuredmedia":[{"embeddable":true,"href":"https:\/\/gajos.sk\/eshop\/wp-json\/wp\/v2\/media\/342641"}],"wp:attachment":[{"href":"https:\/\/gajos.sk\/eshop\/wp-json\/wp\/v2\/media?parent=342639"}],"wp:term":[{"taxonomy":"product_brand","embeddable":true,"href":"https:\/\/gajos.sk\/eshop\/wp-json\/wp\/v2\/product_brand?post=342639"},{"taxonomy":"product_cat","embeddable":true,"href":"https:\/\/gajos.sk\/eshop\/wp-json\/wp\/v2\/product_cat?post=342639"},{"taxonomy":"product_tag","embeddable":true,"href":"https:\/\/gajos.sk\/eshop\/wp-json\/wp\/v2\/product_tag?post=342639"}],"curies":[{"name":"wp","href":"https:\/\/api.w.org\/{rel}","templated":true}]}}