{"id":342628,"date":"2024-03-01T20:55:47","date_gmt":"2024-03-01T19:55:47","guid":{"rendered":"https:\/\/gajostest.a2hosted.com\/eshop\/latton-sortky\/"},"modified":"2026-05-07T21:34:29","modified_gmt":"2026-05-07T19:34:29","slug":"latton-sortky","status":"publish","type":"product","link":"https:\/\/gajos.sk\/eshop\/p\/latton-sortky\/","title":{"rendered":"LATTON \u0161ortky"},"content":{"rendered":"","protected":false},"excerpt":{"rendered":"<p>\u2022 p\u00e1nske \u0161ortky v atrakt\u00edvnom preveden\u00ed kombin\u00e1cie 2 hi-vis farieb s reflexn\u00fdmi potla\u010den\u00fdmi pruhmi \u2022 2 hlbok\u00e9 predn\u00e9 vreck\u00e1\u2022 1 multifunk\u010dn\u00e9 vrecko na strane nohavice \u2022 2 zadn\u00e9 vreck\u00e1  s pr\u00edklopkou \u2022 elastick\u00fd p\u00e1s a 2 p\u00fatka na n\u00e1radie<\/p>\n","protected":false},"featured_media":342630,"template":"","meta":{"_acf_changed":false,"inline_featured_image":false},"product_brand":[],"product_cat":[2133,2121,2126],"product_tag":[1179],"class_list":{"0":"post-342628","1":"product","2":"type-product","3":"status-publish","4":"has-post-thumbnail","6":"product_cat-sortky","7":"product_cat-odevy","8":"product_cat-nohavice-a-overaly","9":"product_tag-cerva","10":"pa_farba-zlta-oranzova","11":"pa_velkost-3157","12":"pa_velkost-3158","13":"pa_velkost-3159","14":"pa_velkost-3160","15":"pa_velkost-3161","16":"pa_velkost-3110","17":"pa_velkost-3121","18":"pa_velkost-3123","19":"pa_velkost-3155","21":"first","22":"instock","23":"taxable","24":"shipping-taxable","25":"purchasable","26":"product-type-variable"},"acf":[],"_links":{"self":[{"href":"https:\/\/gajos.sk\/eshop\/wp-json\/wp\/v2\/product\/342628","targetHints":{"allow":["GET"]}}],"collection":[{"href":"https:\/\/gajos.sk\/eshop\/wp-json\/wp\/v2\/product"}],"about":[{"href":"https:\/\/gajos.sk\/eshop\/wp-json\/wp\/v2\/types\/product"}],"wp:featuredmedia":[{"embeddable":true,"href":"https:\/\/gajos.sk\/eshop\/wp-json\/wp\/v2\/media\/342630"}],"wp:attachment":[{"href":"https:\/\/gajos.sk\/eshop\/wp-json\/wp\/v2\/media?parent=342628"}],"wp:term":[{"taxonomy":"product_brand","embeddable":true,"href":"https:\/\/gajos.sk\/eshop\/wp-json\/wp\/v2\/product_brand?post=342628"},{"taxonomy":"product_cat","embeddable":true,"href":"https:\/\/gajos.sk\/eshop\/wp-json\/wp\/v2\/product_cat?post=342628"},{"taxonomy":"product_tag","embeddable":true,"href":"https:\/\/gajos.sk\/eshop\/wp-json\/wp\/v2\/product_tag?post=342628"}],"curies":[{"name":"wp","href":"https:\/\/api.w.org\/{rel}","templated":true}]}}