{"id":342538,"date":"2024-03-01T20:55:22","date_gmt":"2024-03-01T19:55:22","guid":{"rendered":"https:\/\/gajostest.a2hosted.com\/eshop\/crambe-sortky\/"},"modified":"2026-04-25T21:42:55","modified_gmt":"2026-04-25T19:42:55","slug":"crambe-sortky","status":"publish","type":"product","link":"https:\/\/gajos.sk\/eshop\/p\/crambe-sortky\/","title":{"rendered":"CRAMBE \u0161ortky"},"content":{"rendered":"","protected":false},"excerpt":{"rendered":"<p>P\u00e1nske \u0161ortky z \u013eahk\u00e9ho T\/C twillu 190gsm, 2 zadn\u00e9 vreck\u00e1, 2 bo\u010dn\u00e9 vreck\u00e1, 2 multifunk\u010dn\u00e9 kargo vreck\u00e1, dobr\u00fd strih.<\/p>\n","protected":false},"featured_media":342540,"template":"","meta":{"_acf_changed":false,"inline_featured_image":false},"product_brand":[],"product_cat":[2133,2121,2126],"product_tag":[1244],"class_list":{"0":"post-342538","1":"product","2":"type-product","3":"status-publish","4":"has-post-thumbnail","6":"product_cat-sortky","7":"product_cat-odevy","8":"product_cat-nohavice-a-overaly","9":"product_tag-crv","10":"pa_farba-camouflage","11":"pa_farba-bezova-kamuflaz","12":"pa_farba-siva-kamuflaz","13":"pa_velkost-xl","14":"pa_velkost-l","15":"pa_velkost-m","16":"pa_velkost-s","17":"pa_velkost-3xl","18":"pa_velkost-xxl","20":"first","21":"instock","22":"taxable","23":"shipping-taxable","24":"purchasable","25":"product-type-variable"},"acf":[],"_links":{"self":[{"href":"https:\/\/gajos.sk\/eshop\/wp-json\/wp\/v2\/product\/342538","targetHints":{"allow":["GET"]}}],"collection":[{"href":"https:\/\/gajos.sk\/eshop\/wp-json\/wp\/v2\/product"}],"about":[{"href":"https:\/\/gajos.sk\/eshop\/wp-json\/wp\/v2\/types\/product"}],"wp:featuredmedia":[{"embeddable":true,"href":"https:\/\/gajos.sk\/eshop\/wp-json\/wp\/v2\/media\/342540"}],"wp:attachment":[{"href":"https:\/\/gajos.sk\/eshop\/wp-json\/wp\/v2\/media?parent=342538"}],"wp:term":[{"taxonomy":"product_brand","embeddable":true,"href":"https:\/\/gajos.sk\/eshop\/wp-json\/wp\/v2\/product_brand?post=342538"},{"taxonomy":"product_cat","embeddable":true,"href":"https:\/\/gajos.sk\/eshop\/wp-json\/wp\/v2\/product_cat?post=342538"},{"taxonomy":"product_tag","embeddable":true,"href":"https:\/\/gajos.sk\/eshop\/wp-json\/wp\/v2\/product_tag?post=342538"}],"curies":[{"name":"wp","href":"https:\/\/api.w.org\/{rel}","templated":true}]}}