{"id":342525,"date":"2024-03-01T20:55:17","date_gmt":"2024-03-01T19:55:17","guid":{"rendered":"https:\/\/gajostest.a2hosted.com\/eshop\/chena-crv-sortky\/"},"modified":"2026-04-25T21:42:55","modified_gmt":"2026-04-25T19:42:55","slug":"chena-crv-sortky","status":"publish","type":"product","link":"https:\/\/gajos.sk\/eshop\/p\/chena-crv-sortky\/","title":{"rendered":"CHENA CRV \u0161ortky"},"content":{"rendered":"","protected":false},"excerpt":{"rendered":"<p>\u2022 p\u00e1nske \u0161ortky na vo\u013en\u00fd \u010das i outdoorov\u00e9 aktivity \u2022 modern\u00fd strih \u2022 atrakt\u00edvny dizajn a prepracovan\u00e9 detaily<\/p>\n","protected":false},"featured_media":342527,"template":"","meta":{"_acf_changed":false,"inline_featured_image":false},"product_brand":[],"product_cat":[2133,2121,2126],"product_tag":[1244],"class_list":{"0":"post-342525","1":"product","2":"type-product","3":"status-publish","4":"has-post-thumbnail","6":"product_cat-sortky","7":"product_cat-odevy","8":"product_cat-nohavice-a-overaly","9":"product_tag-crv","10":"pa_farba-olivova","11":"pa_farba-bezova","12":"pa_velkost-s","13":"pa_velkost-3xl","14":"pa_velkost-xxl","15":"pa_velkost-xl","16":"pa_velkost-l","17":"pa_velkost-m","19":"first","20":"instock","21":"taxable","22":"shipping-taxable","23":"purchasable","24":"product-type-variable"},"acf":[],"_links":{"self":[{"href":"https:\/\/gajos.sk\/eshop\/wp-json\/wp\/v2\/product\/342525","targetHints":{"allow":["GET"]}}],"collection":[{"href":"https:\/\/gajos.sk\/eshop\/wp-json\/wp\/v2\/product"}],"about":[{"href":"https:\/\/gajos.sk\/eshop\/wp-json\/wp\/v2\/types\/product"}],"wp:featuredmedia":[{"embeddable":true,"href":"https:\/\/gajos.sk\/eshop\/wp-json\/wp\/v2\/media\/342527"}],"wp:attachment":[{"href":"https:\/\/gajos.sk\/eshop\/wp-json\/wp\/v2\/media?parent=342525"}],"wp:term":[{"taxonomy":"product_brand","embeddable":true,"href":"https:\/\/gajos.sk\/eshop\/wp-json\/wp\/v2\/product_brand?post=342525"},{"taxonomy":"product_cat","embeddable":true,"href":"https:\/\/gajos.sk\/eshop\/wp-json\/wp\/v2\/product_cat?post=342525"},{"taxonomy":"product_tag","embeddable":true,"href":"https:\/\/gajos.sk\/eshop\/wp-json\/wp\/v2\/product_tag?post=342525"}],"curies":[{"name":"wp","href":"https:\/\/api.w.org\/{rel}","templated":true}]}}