{"id":342498,"date":"2024-03-01T20:55:08","date_gmt":"2024-03-01T19:55:08","guid":{"rendered":"https:\/\/gajostest.a2hosted.com\/eshop\/stanmore-sortky\/"},"modified":"2026-04-29T21:44:47","modified_gmt":"2026-04-29T19:44:47","slug":"stanmore-sortky","status":"publish","type":"product","link":"https:\/\/gajos.sk\/eshop\/p\/stanmore-sortky\/","title":{"rendered":"STANMORE \u0161ortky"},"content":{"rendered":"","protected":false},"excerpt":{"rendered":"<p>\u0161ortky pohodln\u00e9ho strihu a\u00a0s\u00a0vysokou odolnos\u0165ou kovov\u00e9 zipsy a\u00a0cvoky p\u00fatko na\u00a0kladivo, 4 p\u00fatka na\u00a0drobn\u00e9 pr\u00edslu\u0161enstvo<\/p>\n","protected":false},"featured_media":342500,"template":"","meta":{"_acf_changed":false,"inline_featured_image":false},"product_brand":[],"product_cat":[2133,2121,2126],"product_tag":[1343],"class_list":{"0":"post-342498","1":"product","2":"type-product","3":"status-publish","4":"has-post-thumbnail","6":"product_cat-sortky","7":"product_cat-odevy","8":"product_cat-nohavice-a-overaly","9":"product_tag-australian-line","10":"pa_farba-zelena-cierna","11":"pa_farba-tm-modra","12":"pa_farba-tm-hneda","13":"pa_velkost-3161","14":"pa_velkost-3121","15":"pa_velkost-3123","16":"pa_velkost-3155","17":"pa_velkost-3157","18":"pa_velkost-3158","19":"pa_velkost-3159","20":"pa_velkost-3160","22":"first","23":"instock","24":"taxable","25":"shipping-taxable","26":"purchasable","27":"product-type-variable"},"acf":[],"_links":{"self":[{"href":"https:\/\/gajos.sk\/eshop\/wp-json\/wp\/v2\/product\/342498","targetHints":{"allow":["GET"]}}],"collection":[{"href":"https:\/\/gajos.sk\/eshop\/wp-json\/wp\/v2\/product"}],"about":[{"href":"https:\/\/gajos.sk\/eshop\/wp-json\/wp\/v2\/types\/product"}],"wp:featuredmedia":[{"embeddable":true,"href":"https:\/\/gajos.sk\/eshop\/wp-json\/wp\/v2\/media\/342500"}],"wp:attachment":[{"href":"https:\/\/gajos.sk\/eshop\/wp-json\/wp\/v2\/media?parent=342498"}],"wp:term":[{"taxonomy":"product_brand","embeddable":true,"href":"https:\/\/gajos.sk\/eshop\/wp-json\/wp\/v2\/product_brand?post=342498"},{"taxonomy":"product_cat","embeddable":true,"href":"https:\/\/gajos.sk\/eshop\/wp-json\/wp\/v2\/product_cat?post=342498"},{"taxonomy":"product_tag","embeddable":true,"href":"https:\/\/gajos.sk\/eshop\/wp-json\/wp\/v2\/product_tag?post=342498"}],"curies":[{"name":"wp","href":"https:\/\/api.w.org\/{rel}","templated":true}]}}