{"id":342478,"date":"2024-03-01T20:54:00","date_gmt":"2024-03-01T19:54:00","guid":{"rendered":"https:\/\/gajostest.a2hosted.com\/eshop\/desman-sortky\/"},"modified":"2026-04-29T21:43:03","modified_gmt":"2026-04-29T19:43:03","slug":"desman-sortky","status":"publish","type":"product","link":"https:\/\/gajos.sk\/eshop\/p\/desman-sortky\/","title":{"rendered":"DESMAN \u0161ortky"},"content":{"rendered":"","protected":false},"excerpt":{"rendered":"<p>Mont\u00e9rkov\u00e9 \u0161ortky s multifunk\u010dn\u00fdmi vreckami.<\/p>\n","protected":false},"featured_media":342480,"template":"","meta":{"_acf_changed":false,"inline_featured_image":false},"product_brand":[],"product_cat":[2133,2121,2126],"product_tag":[1343],"class_list":{"0":"post-342478","1":"product","2":"type-product","3":"status-publish","4":"has-post-thumbnail","6":"product_cat-sortky","7":"product_cat-odevy","8":"product_cat-nohavice-a-overaly","9":"product_tag-australian-line","10":"pa_farba-oranzova","11":"pa_velkost-3121","12":"pa_velkost-3123","13":"pa_velkost-3155","14":"pa_velkost-3157","15":"pa_velkost-3158","16":"pa_velkost-3159","17":"pa_velkost-3160","18":"pa_velkost-3161","20":"first","21":"instock","22":"taxable","23":"shipping-taxable","24":"purchasable","25":"product-type-variable"},"acf":[],"_links":{"self":[{"href":"https:\/\/gajos.sk\/eshop\/wp-json\/wp\/v2\/product\/342478","targetHints":{"allow":["GET"]}}],"collection":[{"href":"https:\/\/gajos.sk\/eshop\/wp-json\/wp\/v2\/product"}],"about":[{"href":"https:\/\/gajos.sk\/eshop\/wp-json\/wp\/v2\/types\/product"}],"wp:featuredmedia":[{"embeddable":true,"href":"https:\/\/gajos.sk\/eshop\/wp-json\/wp\/v2\/media\/342480"}],"wp:attachment":[{"href":"https:\/\/gajos.sk\/eshop\/wp-json\/wp\/v2\/media?parent=342478"}],"wp:term":[{"taxonomy":"product_brand","embeddable":true,"href":"https:\/\/gajos.sk\/eshop\/wp-json\/wp\/v2\/product_brand?post=342478"},{"taxonomy":"product_cat","embeddable":true,"href":"https:\/\/gajos.sk\/eshop\/wp-json\/wp\/v2\/product_cat?post=342478"},{"taxonomy":"product_tag","embeddable":true,"href":"https:\/\/gajos.sk\/eshop\/wp-json\/wp\/v2\/product_tag?post=342478"}],"curies":[{"name":"wp","href":"https:\/\/api.w.org\/{rel}","templated":true}]}}