{"id":342468,"date":"2024-03-01T20:53:54","date_gmt":"2024-03-01T19:53:54","guid":{"rendered":"https:\/\/gajostest.a2hosted.com\/eshop\/solid-spodky-dlhe\/"},"modified":"2026-05-07T21:34:29","modified_gmt":"2026-05-07T19:34:29","slug":"solid-spodky-dlhe","status":"publish","type":"product","link":"https:\/\/gajos.sk\/eshop\/p\/solid-spodky-dlhe\/","title":{"rendered":"SOLID spodky dlh\u00e9"},"content":{"rendered":"","protected":false},"excerpt":{"rendered":"<p>p\u00e1nske dlh\u00e9 spodky; vysok\u00e1 priepustnos\u0165 vlhkosti; v\u00fdborn\u00e1 tepeln\u00e1 izol\u00e1cia; vysok\u00e1 odolnos\u0165 a \u013eahk\u00e9 o\u0161etrovanie; ploch\u00e9 \u0161vy.<\/p>\n","protected":false},"featured_media":342470,"template":"","meta":{"_acf_changed":false,"inline_featured_image":false},"product_brand":[],"product_cat":[2121,2169],"product_tag":[1179],"class_list":{"0":"post-342468","1":"product","2":"type-product","3":"status-publish","4":"has-post-thumbnail","6":"product_cat-odevy","7":"product_cat-spodne-pradlo","8":"product_tag-cerva","9":"pa_farba-cierna","10":"pa_velkost-xs-s","11":"pa_velkost-xl-xxl","12":"pa_velkost-m-l","14":"first","15":"instock","16":"taxable","17":"shipping-taxable","18":"purchasable","19":"product-type-variable"},"acf":[],"_links":{"self":[{"href":"https:\/\/gajos.sk\/eshop\/wp-json\/wp\/v2\/product\/342468","targetHints":{"allow":["GET"]}}],"collection":[{"href":"https:\/\/gajos.sk\/eshop\/wp-json\/wp\/v2\/product"}],"about":[{"href":"https:\/\/gajos.sk\/eshop\/wp-json\/wp\/v2\/types\/product"}],"wp:featuredmedia":[{"embeddable":true,"href":"https:\/\/gajos.sk\/eshop\/wp-json\/wp\/v2\/media\/342470"}],"wp:attachment":[{"href":"https:\/\/gajos.sk\/eshop\/wp-json\/wp\/v2\/media?parent=342468"}],"wp:term":[{"taxonomy":"product_brand","embeddable":true,"href":"https:\/\/gajos.sk\/eshop\/wp-json\/wp\/v2\/product_brand?post=342468"},{"taxonomy":"product_cat","embeddable":true,"href":"https:\/\/gajos.sk\/eshop\/wp-json\/wp\/v2\/product_cat?post=342468"},{"taxonomy":"product_tag","embeddable":true,"href":"https:\/\/gajos.sk\/eshop\/wp-json\/wp\/v2\/product_tag?post=342468"}],"curies":[{"name":"wp","href":"https:\/\/api.w.org\/{rel}","templated":true}]}}