{"id":342422,"date":"2024-03-01T20:53:37","date_gmt":"2024-03-01T19:53:37","guid":{"rendered":"https:\/\/gajostest.a2hosted.com\/eshop\/bremy-dlhe-spodky\/"},"modified":"2026-04-11T17:51:04","modified_gmt":"2026-04-11T15:51:04","slug":"bremy-dlhe-spodky","status":"publish","type":"product","link":"https:\/\/gajos.sk\/eshop\/p\/bremy-dlhe-spodky\/","title":{"rendered":"BREMY dlh\u00e9 spodky"},"content":{"rendered":"","protected":false},"excerpt":{"rendered":"<p>dlh\u00e9 spodky s elastickou gumou v p\u00e1se; funk\u010dn\u00e1 a hrejiv\u00e1 spodn\u00e1 bielize\u0148; anti-bakteri\u00e1lna \u00faprava materi\u00e1lu<\/p>\n","protected":false},"featured_media":342424,"template":"","meta":{"_acf_changed":false,"inline_featured_image":false},"product_brand":[],"product_cat":[2121,2169],"product_tag":[1238],"class_list":{"0":"post-342422","1":"product","2":"type-product","3":"status-publish","4":"has-post-thumbnail","6":"product_cat-odevy","7":"product_cat-spodne-pradlo","8":"product_tag-sioen","9":"pa_farba-siva","10":"pa_velkost-l","11":"pa_velkost-m","12":"pa_velkost-s","13":"pa_velkost-3xl","14":"pa_velkost-xxl","15":"pa_velkost-xl","17":"first","18":"instock","19":"taxable","20":"shipping-taxable","21":"product-type-variable"},"acf":[],"_links":{"self":[{"href":"https:\/\/gajos.sk\/eshop\/wp-json\/wp\/v2\/product\/342422","targetHints":{"allow":["GET"]}}],"collection":[{"href":"https:\/\/gajos.sk\/eshop\/wp-json\/wp\/v2\/product"}],"about":[{"href":"https:\/\/gajos.sk\/eshop\/wp-json\/wp\/v2\/types\/product"}],"wp:featuredmedia":[{"embeddable":true,"href":"https:\/\/gajos.sk\/eshop\/wp-json\/wp\/v2\/media\/342424"}],"wp:attachment":[{"href":"https:\/\/gajos.sk\/eshop\/wp-json\/wp\/v2\/media?parent=342422"}],"wp:term":[{"taxonomy":"product_brand","embeddable":true,"href":"https:\/\/gajos.sk\/eshop\/wp-json\/wp\/v2\/product_brand?post=342422"},{"taxonomy":"product_cat","embeddable":true,"href":"https:\/\/gajos.sk\/eshop\/wp-json\/wp\/v2\/product_cat?post=342422"},{"taxonomy":"product_tag","embeddable":true,"href":"https:\/\/gajos.sk\/eshop\/wp-json\/wp\/v2\/product_tag?post=342422"}],"curies":[{"name":"wp","href":"https:\/\/api.w.org\/{rel}","templated":true}]}}