{"id":342388,"date":"2024-03-01T20:53:23","date_gmt":"2024-03-01T19:53:23","guid":{"rendered":"https:\/\/gajostest.a2hosted.com\/eshop\/ural-spodky-dlhe\/"},"modified":"2026-04-29T21:42:37","modified_gmt":"2026-04-29T19:42:37","slug":"ural-spodky-dlhe","status":"publish","type":"product","link":"https:\/\/gajos.sk\/eshop\/p\/ural-spodky-dlhe\/","title":{"rendered":"URAL spodky dlh\u00e9"},"content":{"rendered":"","protected":false},"excerpt":{"rendered":"<p>p\u00e1nske dlh\u00e9 termo spodky; vynikaj\u00faci odvod potu a vlhkosti; r\u00fdchloschnutie; Vhodn\u00fd ako prv\u00e1 vrstva na ochranu pred chladom.<\/p>\n","protected":false},"featured_media":342390,"template":"","meta":{"_acf_changed":false,"inline_featured_image":false},"product_brand":[],"product_cat":[2121,2169],"product_tag":[1354],"class_list":{"0":"post-342388","1":"product","2":"type-product","3":"status-publish","4":"has-post-thumbnail","6":"product_cat-odevy","7":"product_cat-spodne-pradlo","8":"product_tag-assent","9":"pa_farba-cierna","10":"pa_velkost-5xl","11":"pa_velkost-4xl","12":"pa_velkost-xl","13":"pa_velkost-l","14":"pa_velkost-m","15":"pa_velkost-s","16":"pa_velkost-3xl","17":"pa_velkost-xxl","19":"first","20":"instock","21":"taxable","22":"shipping-taxable","23":"purchasable","24":"product-type-variable"},"acf":[],"_links":{"self":[{"href":"https:\/\/gajos.sk\/eshop\/wp-json\/wp\/v2\/product\/342388","targetHints":{"allow":["GET"]}}],"collection":[{"href":"https:\/\/gajos.sk\/eshop\/wp-json\/wp\/v2\/product"}],"about":[{"href":"https:\/\/gajos.sk\/eshop\/wp-json\/wp\/v2\/types\/product"}],"wp:featuredmedia":[{"embeddable":true,"href":"https:\/\/gajos.sk\/eshop\/wp-json\/wp\/v2\/media\/342390"}],"wp:attachment":[{"href":"https:\/\/gajos.sk\/eshop\/wp-json\/wp\/v2\/media?parent=342388"}],"wp:term":[{"taxonomy":"product_brand","embeddable":true,"href":"https:\/\/gajos.sk\/eshop\/wp-json\/wp\/v2\/product_brand?post=342388"},{"taxonomy":"product_cat","embeddable":true,"href":"https:\/\/gajos.sk\/eshop\/wp-json\/wp\/v2\/product_cat?post=342388"},{"taxonomy":"product_tag","embeddable":true,"href":"https:\/\/gajos.sk\/eshop\/wp-json\/wp\/v2\/product_tag?post=342388"}],"curies":[{"name":"wp","href":"https:\/\/api.w.org\/{rel}","templated":true}]}}