{"id":342358,"date":"2024-03-01T20:53:12","date_gmt":"2024-03-01T19:53:12","guid":{"rendered":"https:\/\/gajostest.a2hosted.com\/eshop\/os-abild-tricko-dlhy-rukav\/"},"modified":"2026-04-25T21:42:55","modified_gmt":"2026-04-25T19:42:55","slug":"os-abild-tricko-dlhy-rukav","status":"publish","type":"product","link":"https:\/\/gajos.sk\/eshop\/p\/os-abild-tricko-dlhy-rukav\/","title":{"rendered":"OS ABILD tri\u010dko dlh\u00fd ruk\u00e1v"},"content":{"rendered":"","protected":false},"excerpt":{"rendered":"<p>\u2022 vysoko funk\u010dn\u00e1 hrejiv\u00e1 a paropriepustn\u00e1 spodn\u00e1 bielize\u0148 vhodn\u00e1 do extr\u00e9mne n\u00e1ro\u010dn\u00fdch poveternostn\u00fdch podmienok<\/p>\n","protected":false},"featured_media":342360,"template":"","meta":{"_acf_changed":false,"inline_featured_image":false},"product_brand":[],"product_cat":[2121,2169],"product_tag":[1240],"class_list":{"0":"post-342358","1":"product","2":"type-product","3":"status-publish","4":"has-post-thumbnail","6":"product_cat-odevy","7":"product_cat-spodne-pradlo","8":"product_tag-os","9":"pa_farba-cierna","10":"pa_velkost-xl-xxl","11":"pa_velkost-m-l","12":"pa_velkost-xs-s","14":"first","15":"instock","16":"taxable","17":"shipping-taxable","18":"purchasable","19":"product-type-variable"},"acf":[],"_links":{"self":[{"href":"https:\/\/gajos.sk\/eshop\/wp-json\/wp\/v2\/product\/342358","targetHints":{"allow":["GET"]}}],"collection":[{"href":"https:\/\/gajos.sk\/eshop\/wp-json\/wp\/v2\/product"}],"about":[{"href":"https:\/\/gajos.sk\/eshop\/wp-json\/wp\/v2\/types\/product"}],"wp:featuredmedia":[{"embeddable":true,"href":"https:\/\/gajos.sk\/eshop\/wp-json\/wp\/v2\/media\/342360"}],"wp:attachment":[{"href":"https:\/\/gajos.sk\/eshop\/wp-json\/wp\/v2\/media?parent=342358"}],"wp:term":[{"taxonomy":"product_brand","embeddable":true,"href":"https:\/\/gajos.sk\/eshop\/wp-json\/wp\/v2\/product_brand?post=342358"},{"taxonomy":"product_cat","embeddable":true,"href":"https:\/\/gajos.sk\/eshop\/wp-json\/wp\/v2\/product_cat?post=342358"},{"taxonomy":"product_tag","embeddable":true,"href":"https:\/\/gajos.sk\/eshop\/wp-json\/wp\/v2\/product_tag?post=342358"}],"curies":[{"name":"wp","href":"https:\/\/api.w.org\/{rel}","templated":true}]}}