{"id":342348,"date":"2024-03-01T20:53:06","date_gmt":"2024-03-01T19:53:06","guid":{"rendered":"https:\/\/gajostest.a2hosted.com\/eshop\/lovell-tricko-dlhy-rukav\/"},"modified":"2026-05-07T21:34:29","modified_gmt":"2026-05-07T19:34:29","slug":"lovell-tricko-dlhy-rukav","status":"publish","type":"product","link":"https:\/\/gajos.sk\/eshop\/p\/lovell-tricko-dlhy-rukav\/","title":{"rendered":"LOVELL tri\u010dko dlh\u00fd ruk\u00e1v"},"content":{"rendered":"","protected":false},"excerpt":{"rendered":"<p>P\u00e1nska funk\u010dn\u00e1 spodn\u00e1 bielize\u0148. TENCEL\u2122 je ochrann\u00e1 zn\u00e1mka spolo\u010dnosti Lenzing AG.<\/p>\n","protected":false},"featured_media":342350,"template":"","meta":{"_acf_changed":false,"inline_featured_image":false},"product_brand":[],"product_cat":[2121,2169],"product_tag":[1179],"class_list":{"0":"post-342348","1":"product","2":"type-product","3":"status-publish","4":"has-post-thumbnail","6":"product_cat-odevy","7":"product_cat-spodne-pradlo","8":"product_tag-cerva","9":"pa_farba-cierna","10":"pa_velkost-xxl","11":"pa_velkost-l","12":"pa_velkost-s","14":"first","15":"instock","16":"taxable","17":"shipping-taxable","18":"purchasable","19":"product-type-variable"},"acf":[],"_links":{"self":[{"href":"https:\/\/gajos.sk\/eshop\/wp-json\/wp\/v2\/product\/342348","targetHints":{"allow":["GET"]}}],"collection":[{"href":"https:\/\/gajos.sk\/eshop\/wp-json\/wp\/v2\/product"}],"about":[{"href":"https:\/\/gajos.sk\/eshop\/wp-json\/wp\/v2\/types\/product"}],"wp:featuredmedia":[{"embeddable":true,"href":"https:\/\/gajos.sk\/eshop\/wp-json\/wp\/v2\/media\/342350"}],"wp:attachment":[{"href":"https:\/\/gajos.sk\/eshop\/wp-json\/wp\/v2\/media?parent=342348"}],"wp:term":[{"taxonomy":"product_brand","embeddable":true,"href":"https:\/\/gajos.sk\/eshop\/wp-json\/wp\/v2\/product_brand?post=342348"},{"taxonomy":"product_cat","embeddable":true,"href":"https:\/\/gajos.sk\/eshop\/wp-json\/wp\/v2\/product_cat?post=342348"},{"taxonomy":"product_tag","embeddable":true,"href":"https:\/\/gajos.sk\/eshop\/wp-json\/wp\/v2\/product_tag?post=342348"}],"curies":[{"name":"wp","href":"https:\/\/api.w.org\/{rel}","templated":true}]}}