{"id":342333,"date":"2024-03-01T20:51:58","date_gmt":"2024-03-01T19:51:58","guid":{"rendered":"https:\/\/gajostest.a2hosted.com\/eshop\/lion-spodky-dlhe\/"},"modified":"2026-05-07T21:34:29","modified_gmt":"2026-05-07T19:34:29","slug":"lion-spodky-dlhe","status":"publish","type":"product","link":"https:\/\/gajos.sk\/eshop\/p\/lion-spodky-dlhe\/","title":{"rendered":"LION spodky dlh\u00e9"},"content":{"rendered":"","protected":false},"excerpt":{"rendered":"<p>Funk\u010dn\u00e1 spodn\u00e1 bielize\u0148 (zimn\u00e1 verzia).<\/p>\n","protected":false},"featured_media":342335,"template":"","meta":{"_acf_changed":false,"inline_featured_image":false},"product_brand":[],"product_cat":[2121,2169],"product_tag":[1179],"class_list":{"0":"post-342333","1":"product","2":"type-product","3":"status-publish","4":"has-post-thumbnail","6":"product_cat-odevy","7":"product_cat-spodne-pradlo","8":"product_tag-cerva","9":"pa_farba-siva","10":"pa_farba-navy","11":"pa_velkost-4xl","12":"pa_velkost-l","13":"pa_velkost-s","14":"pa_velkost-xxl","16":"first","17":"instock","18":"taxable","19":"shipping-taxable","20":"purchasable","21":"product-type-variable"},"acf":[],"_links":{"self":[{"href":"https:\/\/gajos.sk\/eshop\/wp-json\/wp\/v2\/product\/342333","targetHints":{"allow":["GET"]}}],"collection":[{"href":"https:\/\/gajos.sk\/eshop\/wp-json\/wp\/v2\/product"}],"about":[{"href":"https:\/\/gajos.sk\/eshop\/wp-json\/wp\/v2\/types\/product"}],"wp:featuredmedia":[{"embeddable":true,"href":"https:\/\/gajos.sk\/eshop\/wp-json\/wp\/v2\/media\/342335"}],"wp:attachment":[{"href":"https:\/\/gajos.sk\/eshop\/wp-json\/wp\/v2\/media?parent=342333"}],"wp:term":[{"taxonomy":"product_brand","embeddable":true,"href":"https:\/\/gajos.sk\/eshop\/wp-json\/wp\/v2\/product_brand?post=342333"},{"taxonomy":"product_cat","embeddable":true,"href":"https:\/\/gajos.sk\/eshop\/wp-json\/wp\/v2\/product_cat?post=342333"},{"taxonomy":"product_tag","embeddable":true,"href":"https:\/\/gajos.sk\/eshop\/wp-json\/wp\/v2\/product_tag?post=342333"}],"curies":[{"name":"wp","href":"https:\/\/api.w.org\/{rel}","templated":true}]}}