{"id":342303,"date":"2024-03-01T20:51:47","date_gmt":"2024-03-01T19:51:47","guid":{"rendered":"https:\/\/gajostest.a2hosted.com\/eshop\/multinorm-filter-pm-kosela\/"},"modified":"2026-05-07T21:34:29","modified_gmt":"2026-05-07T19:34:29","slug":"multinorm-filter-pm-kosela","status":"publish","type":"product","link":"https:\/\/gajos.sk\/eshop\/p\/multinorm-filter-pm-kosela\/","title":{"rendered":"MULTINORM FILTER PM ko\u0161ela"},"content":{"rendered":"","protected":false},"excerpt":{"rendered":"<p>multinormn\u00e1 ko\u0161e\u013ea s dlh\u00fdm ruk\u00e1vom; zap\u00ednanie na gomb\u00edky; 2 n\u00e1prsn\u00e9 vreck\u00e1 s pr\u00edklopkou; man\u017eety ruk\u00e1vov na gomb\u00edky.<\/p>\n","protected":false},"featured_media":342305,"template":"","meta":{"_acf_changed":false,"inline_featured_image":false},"product_brand":[],"product_cat":[2425,2121,2135],"product_tag":[1179],"class_list":{"0":"post-342303","1":"product","2":"type-product","3":"status-publish","4":"has-post-thumbnail","6":"product_cat-kosele","7":"product_cat-odevy","8":"product_cat-tricka-a-kosele","9":"product_tag-cerva","10":"pa_farba-navy","11":"pa_velkost-xl","12":"pa_velkost-l","13":"pa_velkost-m","14":"pa_velkost-s","15":"pa_velkost-3xl","16":"pa_velkost-xxl","17":"pa_velkost-4xl","18":"pa_velkost-xs","20":"first","21":"instock","22":"taxable","23":"shipping-taxable","24":"purchasable","25":"product-type-variable"},"acf":[],"_links":{"self":[{"href":"https:\/\/gajos.sk\/eshop\/wp-json\/wp\/v2\/product\/342303","targetHints":{"allow":["GET"]}}],"collection":[{"href":"https:\/\/gajos.sk\/eshop\/wp-json\/wp\/v2\/product"}],"about":[{"href":"https:\/\/gajos.sk\/eshop\/wp-json\/wp\/v2\/types\/product"}],"wp:featuredmedia":[{"embeddable":true,"href":"https:\/\/gajos.sk\/eshop\/wp-json\/wp\/v2\/media\/342305"}],"wp:attachment":[{"href":"https:\/\/gajos.sk\/eshop\/wp-json\/wp\/v2\/media?parent=342303"}],"wp:term":[{"taxonomy":"product_brand","embeddable":true,"href":"https:\/\/gajos.sk\/eshop\/wp-json\/wp\/v2\/product_brand?post=342303"},{"taxonomy":"product_cat","embeddable":true,"href":"https:\/\/gajos.sk\/eshop\/wp-json\/wp\/v2\/product_cat?post=342303"},{"taxonomy":"product_tag","embeddable":true,"href":"https:\/\/gajos.sk\/eshop\/wp-json\/wp\/v2\/product_tag?post=342303"}],"curies":[{"name":"wp","href":"https:\/\/api.w.org\/{rel}","templated":true}]}}