{"id":342277,"date":"2024-03-01T20:51:36","date_gmt":"2024-03-01T19:51:36","guid":{"rendered":"https:\/\/gajostest.a2hosted.com\/eshop\/kendal-kosela\/"},"modified":"2026-04-15T21:40:52","modified_gmt":"2026-04-15T19:40:52","slug":"kendal-kosela","status":"publish","type":"product","link":"https:\/\/gajos.sk\/eshop\/p\/kendal-kosela\/","title":{"rendered":"KENDAL ko\u0161ela"},"content":{"rendered":"","protected":false},"excerpt":{"rendered":"<p>p\u00e1nska ko\u0161e\u013ea s ochranou proti tepeln\u00e9mu \u00fa\u010dinku elektrick\u00e9ho obl\u00faka; antistatick\u00e1; zap\u00ednanie na cvoky pod krycou l\u00e9gou; \u013eahk\u00fd a priedu\u0161n\u00fd materi\u00e1l s v\u00fdbornou regul\u00e1ciou odvodu vlhkosti; 2 n\u00e1prsn\u00e9 vreck\u00e1 s chlop\u0148ou, zap\u00ednan\u00edm na cvoky a kontrastn\u00fdm lemovan\u00edm; spodn\u00fd obvod ruk\u00e1vov nastavite\u013en\u00fd pomocou cvokov.<\/p>\n","protected":false},"featured_media":342279,"template":"","meta":{"_acf_changed":false,"inline_featured_image":false},"product_brand":[],"product_cat":[2425,2121,2135],"product_tag":[1238],"class_list":{"0":"post-342277","1":"product","2":"type-product","3":"status-publish","4":"has-post-thumbnail","6":"product_cat-kosele","7":"product_cat-odevy","8":"product_cat-tricka-a-kosele","9":"product_tag-sioen","10":"pa_farba-navy","11":"pa_velkost-m","12":"pa_velkost-s","13":"pa_velkost-3xl","14":"pa_velkost-xxl","15":"pa_velkost-xl","16":"pa_velkost-l","18":"first","19":"instock","20":"taxable","21":"shipping-taxable","22":"purchasable","23":"product-type-variable"},"acf":[],"_links":{"self":[{"href":"https:\/\/gajos.sk\/eshop\/wp-json\/wp\/v2\/product\/342277","targetHints":{"allow":["GET"]}}],"collection":[{"href":"https:\/\/gajos.sk\/eshop\/wp-json\/wp\/v2\/product"}],"about":[{"href":"https:\/\/gajos.sk\/eshop\/wp-json\/wp\/v2\/types\/product"}],"wp:featuredmedia":[{"embeddable":true,"href":"https:\/\/gajos.sk\/eshop\/wp-json\/wp\/v2\/media\/342279"}],"wp:attachment":[{"href":"https:\/\/gajos.sk\/eshop\/wp-json\/wp\/v2\/media?parent=342277"}],"wp:term":[{"taxonomy":"product_brand","embeddable":true,"href":"https:\/\/gajos.sk\/eshop\/wp-json\/wp\/v2\/product_brand?post=342277"},{"taxonomy":"product_cat","embeddable":true,"href":"https:\/\/gajos.sk\/eshop\/wp-json\/wp\/v2\/product_cat?post=342277"},{"taxonomy":"product_tag","embeddable":true,"href":"https:\/\/gajos.sk\/eshop\/wp-json\/wp\/v2\/product_tag?post=342277"}],"curies":[{"name":"wp","href":"https:\/\/api.w.org\/{rel}","templated":true}]}}