{"id":342266,"date":"2024-03-01T20:51:33","date_gmt":"2024-03-01T19:51:33","guid":{"rendered":"https:\/\/gajostest.a2hosted.com\/eshop\/zdravotnicka-panska-bluza\/"},"modified":"2026-05-07T21:34:29","modified_gmt":"2026-05-07T19:34:29","slug":"zdravotnicka-panska-bluza","status":"publish","type":"product","link":"https:\/\/gajos.sk\/eshop\/p\/zdravotnicka-panska-bluza\/","title":{"rendered":"Zdravotn\u00edcka p\u00e1nska bl\u00faza"},"content":{"rendered":"","protected":false},"excerpt":{"rendered":"","protected":false},"featured_media":0,"template":"","meta":{"_acf_changed":false,"inline_featured_image":false},"product_brand":[],"product_cat":[2425,2121,2135],"product_tag":[1179],"class_list":{"0":"post-342266","1":"product","2":"type-product","3":"status-publish","5":"product_cat-kosele","6":"product_cat-odevy","7":"product_cat-tricka-a-kosele","8":"product_tag-cerva","9":"pa_farba-biela","10":"pa_velkost-3155","11":"pa_velkost-3157","12":"pa_velkost-3158","13":"pa_velkost-3159","14":"pa_velkost-3160","15":"pa_velkost-3161","16":"pa_velkost-3162","17":"pa_velkost-3110","18":"pa_velkost-3121","19":"pa_velkost-3123","21":"first","22":"instock","23":"taxable","24":"shipping-taxable","25":"purchasable","26":"product-type-variable"},"acf":[],"_links":{"self":[{"href":"https:\/\/gajos.sk\/eshop\/wp-json\/wp\/v2\/product\/342266","targetHints":{"allow":["GET"]}}],"collection":[{"href":"https:\/\/gajos.sk\/eshop\/wp-json\/wp\/v2\/product"}],"about":[{"href":"https:\/\/gajos.sk\/eshop\/wp-json\/wp\/v2\/types\/product"}],"wp:attachment":[{"href":"https:\/\/gajos.sk\/eshop\/wp-json\/wp\/v2\/media?parent=342266"}],"wp:term":[{"taxonomy":"product_brand","embeddable":true,"href":"https:\/\/gajos.sk\/eshop\/wp-json\/wp\/v2\/product_brand?post=342266"},{"taxonomy":"product_cat","embeddable":true,"href":"https:\/\/gajos.sk\/eshop\/wp-json\/wp\/v2\/product_cat?post=342266"},{"taxonomy":"product_tag","embeddable":true,"href":"https:\/\/gajos.sk\/eshop\/wp-json\/wp\/v2\/product_tag?post=342266"}],"curies":[{"name":"wp","href":"https:\/\/api.w.org\/{rel}","templated":true}]}}