{"id":342177,"date":"2024-03-01T20:51:07","date_gmt":"2024-03-01T19:51:07","guid":{"rendered":"https:\/\/gajostest.a2hosted.com\/eshop\/sheldon-hv-mikina-s-kapucnou\/"},"modified":"2026-05-07T21:34:28","modified_gmt":"2026-05-07T19:34:28","slug":"sheldon-hv-mikina-s-kapucnou","status":"publish","type":"product","link":"https:\/\/gajos.sk\/eshop\/p\/sheldon-hv-mikina-s-kapucnou\/","title":{"rendered":"SHELDON HV mikina s kapuc\u0148ou"},"content":{"rendered":"","protected":false},"excerpt":{"rendered":"<p>celoprop\u00ednacia HI-VIS mikina s kapuc\u0148ou zo zmesov\u00e9ho \u00fapletu bavlny a polyesteru zvn\u00fatra nepo\u010dasan\u00e1; dvojit\u00e1 kapuc\u0148a s kontrastn\u00fdm \u00fapletom vo farbe zipsu a s dekorat\u00edvnym pre\u0161it\u00edm; pru\u017en\u00e9 man\u017eety na ruk\u00e1voch a spodnom obvode; tla\u010den\u00e9 reflexn\u00e9 segmentovan\u00e9 5 cm pruhy okolo p\u00e1su, ruk\u00e1vov a cez ramen\u00e1.<\/p>\n","protected":false},"featured_media":342179,"template":"","meta":{"_acf_changed":false,"inline_featured_image":false},"product_brand":[],"product_cat":[2160,2121],"product_tag":[1179],"class_list":{"0":"post-342177","1":"product","2":"type-product","3":"status-publish","4":"has-post-thumbnail","6":"product_cat-mikiny-svetre-vesty","7":"product_cat-odevy","8":"product_tag-cerva","9":"pa_farba-zlta","10":"pa_velkost-xl","11":"pa_velkost-l","12":"pa_velkost-m","13":"pa_velkost-s","14":"pa_velkost-3xl","15":"pa_velkost-xxl","16":"pa_velkost-4xl","17":"pa_velkost-xs","19":"first","20":"instock","21":"taxable","22":"shipping-taxable","23":"purchasable","24":"product-type-variable"},"acf":[],"_links":{"self":[{"href":"https:\/\/gajos.sk\/eshop\/wp-json\/wp\/v2\/product\/342177","targetHints":{"allow":["GET"]}}],"collection":[{"href":"https:\/\/gajos.sk\/eshop\/wp-json\/wp\/v2\/product"}],"about":[{"href":"https:\/\/gajos.sk\/eshop\/wp-json\/wp\/v2\/types\/product"}],"wp:featuredmedia":[{"embeddable":true,"href":"https:\/\/gajos.sk\/eshop\/wp-json\/wp\/v2\/media\/342179"}],"wp:attachment":[{"href":"https:\/\/gajos.sk\/eshop\/wp-json\/wp\/v2\/media?parent=342177"}],"wp:term":[{"taxonomy":"product_brand","embeddable":true,"href":"https:\/\/gajos.sk\/eshop\/wp-json\/wp\/v2\/product_brand?post=342177"},{"taxonomy":"product_cat","embeddable":true,"href":"https:\/\/gajos.sk\/eshop\/wp-json\/wp\/v2\/product_cat?post=342177"},{"taxonomy":"product_tag","embeddable":true,"href":"https:\/\/gajos.sk\/eshop\/wp-json\/wp\/v2\/product_tag?post=342177"}],"curies":[{"name":"wp","href":"https:\/\/api.w.org\/{rel}","templated":true}]}}