{"id":342133,"date":"2024-03-01T20:49:35","date_gmt":"2024-03-01T19:49:35","guid":{"rendered":"https:\/\/gajostest.a2hosted.com\/eshop\/neurum-mikina-s-kapucnou\/"},"modified":"2026-05-07T21:34:28","modified_gmt":"2026-05-07T19:34:28","slug":"neurum-mikina-s-kapucnou","status":"publish","type":"product","link":"https:\/\/gajos.sk\/eshop\/p\/neurum-mikina-s-kapucnou\/","title":{"rendered":"NEURUM mikina s kapuc\u0148ou"},"content":{"rendered":"","protected":false},"excerpt":{"rendered":"<p>celozap\u00ednacia p\u00e1nska mikina s kapuc\u0148ou; zap\u00ednanie na zips je pred\u013a\u017een\u00e9 a\u017e po \u0161pi\u010dku kapucne; obvod kapucne mo\u017eno upravi\u0165 pomocou vlo\u017eenej \u0161n\u00farky; 2 postrann\u00e9 vreck\u00e1, 1 n\u00e1prsn\u00e9 vrecko na zips; reflexn\u00e9 detaily.<\/p>\n","protected":false},"featured_media":342135,"template":"","meta":{"_acf_changed":false,"inline_featured_image":false},"product_brand":[],"product_cat":[2160,2121],"product_tag":[1179],"class_list":{"0":"post-342133","1":"product","2":"type-product","3":"status-publish","4":"has-post-thumbnail","6":"product_cat-mikiny-svetre-vesty","7":"product_cat-odevy","8":"product_tag-cerva","9":"pa_farba-navy","10":"pa_farba-petrolejova","11":"pa_farba-cierna","12":"pa_farba-tm-olivova","13":"pa_velkost-m","14":"pa_velkost-s","15":"pa_velkost-3xl","16":"pa_velkost-xxl","17":"pa_velkost-4xl","18":"pa_velkost-xs","19":"pa_velkost-xl","20":"pa_velkost-l","22":"first","23":"instock","24":"taxable","25":"shipping-taxable","26":"purchasable","27":"product-type-variable"},"acf":[],"_links":{"self":[{"href":"https:\/\/gajos.sk\/eshop\/wp-json\/wp\/v2\/product\/342133","targetHints":{"allow":["GET"]}}],"collection":[{"href":"https:\/\/gajos.sk\/eshop\/wp-json\/wp\/v2\/product"}],"about":[{"href":"https:\/\/gajos.sk\/eshop\/wp-json\/wp\/v2\/types\/product"}],"wp:featuredmedia":[{"embeddable":true,"href":"https:\/\/gajos.sk\/eshop\/wp-json\/wp\/v2\/media\/342135"}],"wp:attachment":[{"href":"https:\/\/gajos.sk\/eshop\/wp-json\/wp\/v2\/media?parent=342133"}],"wp:term":[{"taxonomy":"product_brand","embeddable":true,"href":"https:\/\/gajos.sk\/eshop\/wp-json\/wp\/v2\/product_brand?post=342133"},{"taxonomy":"product_cat","embeddable":true,"href":"https:\/\/gajos.sk\/eshop\/wp-json\/wp\/v2\/product_cat?post=342133"},{"taxonomy":"product_tag","embeddable":true,"href":"https:\/\/gajos.sk\/eshop\/wp-json\/wp\/v2\/product_tag?post=342133"}],"curies":[{"name":"wp","href":"https:\/\/api.w.org\/{rel}","templated":true}]}}