{"id":342096,"date":"2024-03-01T20:49:23","date_gmt":"2024-03-01T19:49:23","guid":{"rendered":"https:\/\/gajostest.a2hosted.com\/eshop\/cremorne-mikina-s-kapucnou\/"},"modified":"2026-05-07T21:34:28","modified_gmt":"2026-05-07T19:34:28","slug":"cremorne-mikina-s-kapucnou","status":"publish","type":"product","link":"https:\/\/gajos.sk\/eshop\/p\/cremorne-mikina-s-kapucnou\/","title":{"rendered":"CREMORNE mikina s kapuc\u0148ou"},"content":{"rendered":"","protected":false},"excerpt":{"rendered":"<p>p\u00e1nska mikina s kapuc\u0148ou so zipsom; vy\u010desan\u00e1 dovn\u00fatra; 2 klokanie predn\u00e9 vreck\u00e1; vystu\u017een\u00e9 ramenn\u00e9 a lak\u0165ov\u00e9 diely s Oxfordom; elastick\u00e9 rebrovanie na ruk\u00e1voch a spodnom leme.<\/p>\n","protected":false},"featured_media":342098,"template":"","meta":{"_acf_changed":false,"inline_featured_image":false},"product_brand":[],"product_cat":[2160,2121],"product_tag":[1179],"class_list":{"0":"post-342096","1":"product","2":"type-product","3":"status-publish","4":"has-post-thumbnail","6":"product_cat-mikiny-svetre-vesty","7":"product_cat-odevy","8":"product_tag-cerva","9":"pa_farba-navy","10":"pa_farba-petrolejova","11":"pa_farba-siva","12":"pa_farba-sv-olivova","13":"pa_farba-biela","14":"pa_velkost-l","15":"pa_velkost-m","16":"pa_velkost-s","17":"pa_velkost-3xl","18":"pa_velkost-xxl","19":"pa_velkost-4xl","20":"pa_velkost-xl","22":"first","23":"instock","24":"taxable","25":"shipping-taxable","26":"purchasable","27":"product-type-variable"},"acf":[],"_links":{"self":[{"href":"https:\/\/gajos.sk\/eshop\/wp-json\/wp\/v2\/product\/342096","targetHints":{"allow":["GET"]}}],"collection":[{"href":"https:\/\/gajos.sk\/eshop\/wp-json\/wp\/v2\/product"}],"about":[{"href":"https:\/\/gajos.sk\/eshop\/wp-json\/wp\/v2\/types\/product"}],"wp:featuredmedia":[{"embeddable":true,"href":"https:\/\/gajos.sk\/eshop\/wp-json\/wp\/v2\/media\/342098"}],"wp:attachment":[{"href":"https:\/\/gajos.sk\/eshop\/wp-json\/wp\/v2\/media?parent=342096"}],"wp:term":[{"taxonomy":"product_brand","embeddable":true,"href":"https:\/\/gajos.sk\/eshop\/wp-json\/wp\/v2\/product_brand?post=342096"},{"taxonomy":"product_cat","embeddable":true,"href":"https:\/\/gajos.sk\/eshop\/wp-json\/wp\/v2\/product_cat?post=342096"},{"taxonomy":"product_tag","embeddable":true,"href":"https:\/\/gajos.sk\/eshop\/wp-json\/wp\/v2\/product_tag?post=342096"}],"curies":[{"name":"wp","href":"https:\/\/api.w.org\/{rel}","templated":true}]}}