{"id":342059,"date":"2024-03-01T20:49:14","date_gmt":"2024-03-01T19:49:14","guid":{"rendered":"https:\/\/gajostest.a2hosted.com\/eshop\/dayboro-mikina-s-kapucnou\/"},"modified":"2026-05-07T21:34:28","modified_gmt":"2026-05-07T19:34:28","slug":"dayboro-mikina-s-kapucnou","status":"publish","type":"product","link":"https:\/\/gajos.sk\/eshop\/p\/dayboro-mikina-s-kapucnou\/","title":{"rendered":"DAYBORO mikina s kapuc\u0148ou"},"content":{"rendered":"","protected":false},"excerpt":{"rendered":"<p>p\u00e1nska mikina s kapuc\u0148ou so zipsom po celej d\u013a\u017eke; vo vn\u00fatri hrub\u00e1 \u010desan\u00e1 tepl\u00e1kovina; pohodln\u00fd strih; oxfordsk\u00e1 ramenn\u00e1 v\u00fdstu\u017e; 2 bo\u010dn\u00e9 vreck\u00e1 so zap\u00ednan\u00edm na zips; reflexn\u00fd odtie\u0148 vo farebn\u00fdch \u010dastiach; elastick\u00e9 rebrovanie na lemoch ruk\u00e1vov a spodn\u00fdch lemoch<\/p>\n","protected":false},"featured_media":342061,"template":"","meta":{"_acf_changed":false,"inline_featured_image":false},"product_brand":[],"product_cat":[2160,2121],"product_tag":[1179],"class_list":{"0":"post-342059","1":"product","2":"type-product","3":"status-publish","4":"has-post-thumbnail","6":"product_cat-mikiny-svetre-vesty","7":"product_cat-odevy","8":"product_tag-cerva","9":"pa_farba-mech-zelena","10":"pa_farba-biela","11":"pa_farba-petrolejova","12":"pa_farba-navy","13":"pa_farba-tm-hneda","14":"pa_farba-cierna","15":"pa_velkost-xl","16":"pa_velkost-l","17":"pa_velkost-m","18":"pa_velkost-s","19":"pa_velkost-3xl","20":"pa_velkost-xxl","21":"pa_velkost-4xl","23":"first","24":"instock","25":"taxable","26":"shipping-taxable","27":"purchasable","28":"product-type-variable"},"acf":[],"_links":{"self":[{"href":"https:\/\/gajos.sk\/eshop\/wp-json\/wp\/v2\/product\/342059","targetHints":{"allow":["GET"]}}],"collection":[{"href":"https:\/\/gajos.sk\/eshop\/wp-json\/wp\/v2\/product"}],"about":[{"href":"https:\/\/gajos.sk\/eshop\/wp-json\/wp\/v2\/types\/product"}],"wp:featuredmedia":[{"embeddable":true,"href":"https:\/\/gajos.sk\/eshop\/wp-json\/wp\/v2\/media\/342061"}],"wp:attachment":[{"href":"https:\/\/gajos.sk\/eshop\/wp-json\/wp\/v2\/media?parent=342059"}],"wp:term":[{"taxonomy":"product_brand","embeddable":true,"href":"https:\/\/gajos.sk\/eshop\/wp-json\/wp\/v2\/product_brand?post=342059"},{"taxonomy":"product_cat","embeddable":true,"href":"https:\/\/gajos.sk\/eshop\/wp-json\/wp\/v2\/product_cat?post=342059"},{"taxonomy":"product_tag","embeddable":true,"href":"https:\/\/gajos.sk\/eshop\/wp-json\/wp\/v2\/product_tag?post=342059"}],"curies":[{"name":"wp","href":"https:\/\/api.w.org\/{rel}","templated":true}]}}