{"id":341995,"date":"2024-03-01T20:47:56","date_gmt":"2024-03-01T19:47:56","guid":{"rendered":"https:\/\/gajostest.a2hosted.com\/eshop\/knoxfield-hv-polo-mikina\/"},"modified":"2026-05-07T21:33:03","modified_gmt":"2026-05-07T19:33:03","slug":"knoxfield-hv-polo-mikina","status":"publish","type":"product","link":"https:\/\/gajos.sk\/eshop\/p\/knoxfield-hv-polo-mikina\/","title":{"rendered":"KNOXFIELD HV polo mikina"},"content":{"rendered":"","protected":false},"excerpt":{"rendered":"<p>p\u00e1nska Hi-Vis mikina s golierom, gu\u013eat\u00fd priekr\u010dn\u00edk, z po\u010desan\u00e9ho v\u00fdplnku zmesi bavlny a polyesteru, prep\u00ednacia l\u00e9ga na 3 gomb\u00edky, sedlo v kontrastnej \u010diernej farbe, kontrastn\u00e9 pr\u00fa\u017eky v n\u00e1pletoch na ruk\u00e1voch a spodnom leme, dekorat\u00edvne pre\u0161itie v Hi-Vis farbe<\/p>\n","protected":false},"featured_media":341997,"template":"","meta":{"_acf_changed":false,"inline_featured_image":false},"product_brand":[],"product_cat":[2160,2121],"product_tag":[1179],"class_list":{"0":"post-341995","1":"product","2":"type-product","3":"status-publish","4":"has-post-thumbnail","6":"product_cat-mikiny-svetre-vesty","7":"product_cat-odevy","8":"product_tag-cerva","9":"pa_farba-zlta","10":"pa_farba-cervena","11":"pa_farba-oranzova","12":"pa_velkost-m","13":"pa_velkost-s","14":"pa_velkost-3xl","15":"pa_velkost-xxl","16":"pa_velkost-xs","17":"pa_velkost-xl","18":"pa_velkost-l","20":"first","21":"instock","22":"taxable","23":"shipping-taxable","24":"purchasable","25":"product-type-variable"},"acf":[],"_links":{"self":[{"href":"https:\/\/gajos.sk\/eshop\/wp-json\/wp\/v2\/product\/341995","targetHints":{"allow":["GET"]}}],"collection":[{"href":"https:\/\/gajos.sk\/eshop\/wp-json\/wp\/v2\/product"}],"about":[{"href":"https:\/\/gajos.sk\/eshop\/wp-json\/wp\/v2\/types\/product"}],"wp:featuredmedia":[{"embeddable":true,"href":"https:\/\/gajos.sk\/eshop\/wp-json\/wp\/v2\/media\/341997"}],"wp:attachment":[{"href":"https:\/\/gajos.sk\/eshop\/wp-json\/wp\/v2\/media?parent=341995"}],"wp:term":[{"taxonomy":"product_brand","embeddable":true,"href":"https:\/\/gajos.sk\/eshop\/wp-json\/wp\/v2\/product_brand?post=341995"},{"taxonomy":"product_cat","embeddable":true,"href":"https:\/\/gajos.sk\/eshop\/wp-json\/wp\/v2\/product_cat?post=341995"},{"taxonomy":"product_tag","embeddable":true,"href":"https:\/\/gajos.sk\/eshop\/wp-json\/wp\/v2\/product_tag?post=341995"}],"curies":[{"name":"wp","href":"https:\/\/api.w.org\/{rel}","templated":true}]}}