{"id":341972,"date":"2024-03-01T20:47:50","date_gmt":"2024-03-01T19:47:50","guid":{"rendered":"https:\/\/gajostest.a2hosted.com\/eshop\/knoxfield-klokanka-mikina\/"},"modified":"2026-05-07T21:32:27","modified_gmt":"2026-05-07T19:32:27","slug":"knoxfield-klokanka-mikina","status":"publish","type":"product","link":"https:\/\/gajos.sk\/eshop\/p\/knoxfield-klokanka-mikina\/","title":{"rendered":"KNOXFIELD klokanka mikina"},"content":{"rendered":"","protected":false},"excerpt":{"rendered":"<p>p\u00e1nska mikina s kapuc\u0148ou a klokan\u00edm vreckom zo zmesov\u00e9ho po\u010desan\u00e9ho \u00fapletu bavlny a polyesteru; zosilnen\u00e1 oblas\u0165 ramien a lak\u0165ov; reflexn\u00e1 lemovka lemuj\u00faca sedlo a li\u0161tov\u00e9 vreck\u00e1; dvojit\u00e1 kapuc\u0148a s kontrastn\u00fdm hi-vis \u00fapletom; dekorativne pre\u0161itie; pru\u017en\u00e9 n\u00e1plety na ruk\u00e1voch a spodnom obvode<\/p>\n","protected":false},"featured_media":341974,"template":"","meta":{"_acf_changed":false,"inline_featured_image":false},"product_brand":[],"product_cat":[2160,2121],"product_tag":[1179],"class_list":{"0":"post-341972","1":"product","2":"type-product","3":"status-publish","4":"has-post-thumbnail","6":"product_cat-mikiny-svetre-vesty","7":"product_cat-odevy","8":"product_tag-cerva","9":"pa_farba-antracit-oranzova","10":"pa_farba-antracit-zlta","11":"pa_farba-antracit-cervena","12":"pa_velkost-3xl","13":"pa_velkost-xxl","14":"pa_velkost-xs","15":"pa_velkost-xl","16":"pa_velkost-l","17":"pa_velkost-m","18":"pa_velkost-s","20":"first","21":"instock","22":"taxable","23":"shipping-taxable","24":"purchasable","25":"product-type-variable"},"acf":[],"_links":{"self":[{"href":"https:\/\/gajos.sk\/eshop\/wp-json\/wp\/v2\/product\/341972","targetHints":{"allow":["GET"]}}],"collection":[{"href":"https:\/\/gajos.sk\/eshop\/wp-json\/wp\/v2\/product"}],"about":[{"href":"https:\/\/gajos.sk\/eshop\/wp-json\/wp\/v2\/types\/product"}],"wp:featuredmedia":[{"embeddable":true,"href":"https:\/\/gajos.sk\/eshop\/wp-json\/wp\/v2\/media\/341974"}],"wp:attachment":[{"href":"https:\/\/gajos.sk\/eshop\/wp-json\/wp\/v2\/media?parent=341972"}],"wp:term":[{"taxonomy":"product_brand","embeddable":true,"href":"https:\/\/gajos.sk\/eshop\/wp-json\/wp\/v2\/product_brand?post=341972"},{"taxonomy":"product_cat","embeddable":true,"href":"https:\/\/gajos.sk\/eshop\/wp-json\/wp\/v2\/product_cat?post=341972"},{"taxonomy":"product_tag","embeddable":true,"href":"https:\/\/gajos.sk\/eshop\/wp-json\/wp\/v2\/product_tag?post=341972"}],"curies":[{"name":"wp","href":"https:\/\/api.w.org\/{rel}","templated":true}]}}