{"id":341964,"date":"2024-03-01T20:47:47","date_gmt":"2024-03-01T19:47:47","guid":{"rendered":"https:\/\/gajostest.a2hosted.com\/eshop\/knoxfield-lady-mikina-s-kapucnou\/"},"modified":"2026-05-07T21:32:27","modified_gmt":"2026-05-07T19:32:27","slug":"knoxfield-lady-mikina-s-kapucnou","status":"publish","type":"product","link":"https:\/\/gajos.sk\/eshop\/p\/knoxfield-lady-mikina-s-kapucnou\/","title":{"rendered":"KNOXFIELD LADY mikina s kapuc\u0148ou"},"content":{"rendered":"","protected":false},"excerpt":{"rendered":"<p>d\u00e1msk\u00e1 celozap\u00ednacia mikina s kapuc\u0148ou z po\u010desan\u00e9ho zmesov\u00e9ho \u00fapletu bavlny a polyesteru; zes\u00edlnen\u00e1 oblas\u0165 ramien a lak\u0165ov; reflexn\u00e1 lemovka lemuj\u00faca sedlo a li\u0161tov\u00e9 vreck\u00e1; dvojit\u00e1 kapuc\u0148a s kontrastn\u00fdm hi-vis \u00fapletom vo farbe zipsu a dekorat\u00edvneho pre\u0161itia; pru\u017en\u00e9 n\u00e1plety na ruk\u00e1voch a spodnom obvodu<\/p>\n","protected":false},"featured_media":341966,"template":"","meta":{"_acf_changed":false,"inline_featured_image":false},"product_brand":[],"product_cat":[2160,2121],"product_tag":[1179],"class_list":{"0":"post-341964","1":"product","2":"type-product","3":"status-publish","4":"has-post-thumbnail","6":"product_cat-mikiny-svetre-vesty","7":"product_cat-odevy","8":"product_tag-cerva","9":"pa_farba-antracit-cervena","10":"pa_velkost-xl","11":"pa_velkost-l","12":"pa_velkost-m","13":"pa_velkost-s","14":"pa_velkost-xxl","15":"pa_velkost-xs","17":"first","18":"instock","19":"taxable","20":"shipping-taxable","21":"purchasable","22":"product-type-variable"},"acf":[],"_links":{"self":[{"href":"https:\/\/gajos.sk\/eshop\/wp-json\/wp\/v2\/product\/341964","targetHints":{"allow":["GET"]}}],"collection":[{"href":"https:\/\/gajos.sk\/eshop\/wp-json\/wp\/v2\/product"}],"about":[{"href":"https:\/\/gajos.sk\/eshop\/wp-json\/wp\/v2\/types\/product"}],"wp:featuredmedia":[{"embeddable":true,"href":"https:\/\/gajos.sk\/eshop\/wp-json\/wp\/v2\/media\/341966"}],"wp:attachment":[{"href":"https:\/\/gajos.sk\/eshop\/wp-json\/wp\/v2\/media?parent=341964"}],"wp:term":[{"taxonomy":"product_brand","embeddable":true,"href":"https:\/\/gajos.sk\/eshop\/wp-json\/wp\/v2\/product_brand?post=341964"},{"taxonomy":"product_cat","embeddable":true,"href":"https:\/\/gajos.sk\/eshop\/wp-json\/wp\/v2\/product_cat?post=341964"},{"taxonomy":"product_tag","embeddable":true,"href":"https:\/\/gajos.sk\/eshop\/wp-json\/wp\/v2\/product_tag?post=341964"}],"curies":[{"name":"wp","href":"https:\/\/api.w.org\/{rel}","templated":true}]}}