{"id":341951,"date":"2024-03-01T20:47:40","date_gmt":"2024-03-01T19:47:40","guid":{"rendered":"https:\/\/gajostest.a2hosted.com\/eshop\/max-mikina\/"},"modified":"2026-04-11T17:51:01","modified_gmt":"2026-04-11T15:51:01","slug":"max-mikina","status":"publish","type":"product","link":"https:\/\/gajos.sk\/eshop\/p\/max-mikina\/","title":{"rendered":"MAX mikina"},"content":{"rendered":"","protected":false},"excerpt":{"rendered":"<p>p\u00e1nsk\u00e1 celozap\u00ednacia mikina so stoja\u010dikom z nepo\u010desan\u00e9ho v\u00fdplnku zmesi bavlny a polyesteru; 2 postrann\u00e9 li\u0161tov\u00e9 vreck\u00e1 s kontrastn\u00fdm lemovan\u00edm; elastick\u00e9 man\u017eety a spodn\u00fd okraj mikiny z ribov\u00e9ho \u00fapletu; kontrastn\u00e1 \u010das\u0165 na hrudn\u00edku a hornej \u010dasti ruk\u00e1vov<\/p>\n","protected":false},"featured_media":341953,"template":"","meta":{"_acf_changed":false,"inline_featured_image":false},"product_brand":[],"product_cat":[2160,2121],"product_tag":[1179],"class_list":{"0":"post-341951","1":"product","2":"type-product","3":"status-publish","4":"has-post-thumbnail","6":"product_cat-mikiny-svetre-vesty","7":"product_cat-odevy","8":"product_tag-cerva","9":"pa_farba-zelena-cierna","10":"pa_farba-modra-cierna","11":"pa_velkost-m","12":"pa_velkost-s","14":"first","15":"instock","16":"taxable","17":"shipping-taxable","18":"purchasable","19":"product-type-variable"},"acf":[],"_links":{"self":[{"href":"https:\/\/gajos.sk\/eshop\/wp-json\/wp\/v2\/product\/341951","targetHints":{"allow":["GET"]}}],"collection":[{"href":"https:\/\/gajos.sk\/eshop\/wp-json\/wp\/v2\/product"}],"about":[{"href":"https:\/\/gajos.sk\/eshop\/wp-json\/wp\/v2\/types\/product"}],"wp:featuredmedia":[{"embeddable":true,"href":"https:\/\/gajos.sk\/eshop\/wp-json\/wp\/v2\/media\/341953"}],"wp:attachment":[{"href":"https:\/\/gajos.sk\/eshop\/wp-json\/wp\/v2\/media?parent=341951"}],"wp:term":[{"taxonomy":"product_brand","embeddable":true,"href":"https:\/\/gajos.sk\/eshop\/wp-json\/wp\/v2\/product_brand?post=341951"},{"taxonomy":"product_cat","embeddable":true,"href":"https:\/\/gajos.sk\/eshop\/wp-json\/wp\/v2\/product_cat?post=341951"},{"taxonomy":"product_tag","embeddable":true,"href":"https:\/\/gajos.sk\/eshop\/wp-json\/wp\/v2\/product_tag?post=341951"}],"curies":[{"name":"wp","href":"https:\/\/api.w.org\/{rel}","templated":true}]}}