{"id":341928,"date":"2024-03-01T20:47:34","date_gmt":"2024-03-01T19:47:34","guid":{"rendered":"https:\/\/gajostest.a2hosted.com\/eshop\/knoxfield-polo-mikina\/"},"modified":"2026-05-07T21:32:27","modified_gmt":"2026-05-07T19:32:27","slug":"knoxfield-polo-mikina","status":"publish","type":"product","link":"https:\/\/gajos.sk\/eshop\/p\/knoxfield-polo-mikina\/","title":{"rendered":"KNOXFIELD polo mikina"},"content":{"rendered":"","protected":false},"excerpt":{"rendered":"<p>p\u00e1nsk\u00e1 mikina s golierom, z po\u010desan\u00e9ho v\u00fdplnku zmesi bavlny a polyesteru; sedlo v kontrastnej \u010diernej farbe lemovan\u00e9 reflexnou lemovkou;  prep\u00ednacia l\u00e9ga na 3 gomb\u00edky; kontrastn\u00e9 pr\u00fa\u017eky v golieri; n\u00e1pletoch na ruk\u00e1voch a spodnom leme; dekorativne pre\u0161itie v hi-vis farbe<\/p>\n","protected":false},"featured_media":341930,"template":"","meta":{"_acf_changed":false,"inline_featured_image":false},"product_brand":[],"product_cat":[2160,2121],"product_tag":[1179],"class_list":{"0":"post-341928","1":"product","2":"type-product","3":"status-publish","4":"has-post-thumbnail","6":"product_cat-mikiny-svetre-vesty","7":"product_cat-odevy","8":"product_tag-cerva","9":"pa_farba-antracit-oranzova","10":"pa_farba-antracit-zlta","11":"pa_farba-antracit-cervena","12":"pa_velkost-l","13":"pa_velkost-m","14":"pa_velkost-s","15":"pa_velkost-3xl","16":"pa_velkost-xxl","17":"pa_velkost-xs","18":"pa_velkost-xl","20":"first","21":"instock","22":"taxable","23":"shipping-taxable","24":"purchasable","25":"product-type-variable"},"acf":[],"_links":{"self":[{"href":"https:\/\/gajos.sk\/eshop\/wp-json\/wp\/v2\/product\/341928","targetHints":{"allow":["GET"]}}],"collection":[{"href":"https:\/\/gajos.sk\/eshop\/wp-json\/wp\/v2\/product"}],"about":[{"href":"https:\/\/gajos.sk\/eshop\/wp-json\/wp\/v2\/types\/product"}],"wp:featuredmedia":[{"embeddable":true,"href":"https:\/\/gajos.sk\/eshop\/wp-json\/wp\/v2\/media\/341930"}],"wp:attachment":[{"href":"https:\/\/gajos.sk\/eshop\/wp-json\/wp\/v2\/media?parent=341928"}],"wp:term":[{"taxonomy":"product_brand","embeddable":true,"href":"https:\/\/gajos.sk\/eshop\/wp-json\/wp\/v2\/product_brand?post=341928"},{"taxonomy":"product_cat","embeddable":true,"href":"https:\/\/gajos.sk\/eshop\/wp-json\/wp\/v2\/product_cat?post=341928"},{"taxonomy":"product_tag","embeddable":true,"href":"https:\/\/gajos.sk\/eshop\/wp-json\/wp\/v2\/product_tag?post=341928"}],"curies":[{"name":"wp","href":"https:\/\/api.w.org\/{rel}","templated":true}]}}