{"id":341900,"date":"2024-03-01T20:47:27","date_gmt":"2024-03-01T19:47:27","guid":{"rendered":"https:\/\/gajostest.a2hosted.com\/eshop\/knoxfield-mikina-s-kapucnou\/"},"modified":"2026-05-07T21:32:27","modified_gmt":"2026-05-07T19:32:27","slug":"knoxfield-mikina-s-kapucnou","status":"publish","type":"product","link":"https:\/\/gajos.sk\/eshop\/p\/knoxfield-mikina-s-kapucnou\/","title":{"rendered":"KNOXFIELD mikina s kapuc\u0148ou"},"content":{"rendered":"","protected":false},"excerpt":{"rendered":"<p>\u2022 p\u00e1nska mikina s kapuc\u0148ou zo zmesov\u00e9ho \u00fapletu bavlny a polyesteru zvn\u00fatra ne\u010desan\u00e1 \u2022 zosilnen\u00e1 oblas\u0165 ramien a lak\u0165ov \u2022 reflexn\u00fd pr\u00fa\u017eok lemuj\u00faci sedlo a  vreck\u00e1 \u2022 dvojit\u00e1 kapuc\u0148a s kontrastn\u00fdm hi-vis \u00fapletom vo farbe zipsu a dekorat\u00edvneho pre\u0161itia\u2022 pru\u017en\u00e9 n\u00e1plety na ruk\u00e1voch a spodnom obvode<\/p>\n","protected":false},"featured_media":341902,"template":"","meta":{"_acf_changed":false,"inline_featured_image":false},"product_brand":[],"product_cat":[2160,2121],"product_tag":[1179],"class_list":{"0":"post-341900","1":"product","2":"type-product","3":"status-publish","4":"has-post-thumbnail","6":"product_cat-mikiny-svetre-vesty","7":"product_cat-odevy","8":"product_tag-cerva","9":"pa_farba-antracit","10":"pa_farba-antracit-oranzova","11":"pa_farba-antracit-zlta","12":"pa_farba-antracit-cervena","13":"pa_velkost-s","14":"pa_velkost-3xl","15":"pa_velkost-xxl","16":"pa_velkost-xs","17":"pa_velkost-xl","18":"pa_velkost-l","19":"pa_velkost-m","21":"first","22":"instock","23":"taxable","24":"shipping-taxable","25":"purchasable","26":"product-type-variable"},"acf":[],"_links":{"self":[{"href":"https:\/\/gajos.sk\/eshop\/wp-json\/wp\/v2\/product\/341900","targetHints":{"allow":["GET"]}}],"collection":[{"href":"https:\/\/gajos.sk\/eshop\/wp-json\/wp\/v2\/product"}],"about":[{"href":"https:\/\/gajos.sk\/eshop\/wp-json\/wp\/v2\/types\/product"}],"wp:featuredmedia":[{"embeddable":true,"href":"https:\/\/gajos.sk\/eshop\/wp-json\/wp\/v2\/media\/341902"}],"wp:attachment":[{"href":"https:\/\/gajos.sk\/eshop\/wp-json\/wp\/v2\/media?parent=341900"}],"wp:term":[{"taxonomy":"product_brand","embeddable":true,"href":"https:\/\/gajos.sk\/eshop\/wp-json\/wp\/v2\/product_brand?post=341900"},{"taxonomy":"product_cat","embeddable":true,"href":"https:\/\/gajos.sk\/eshop\/wp-json\/wp\/v2\/product_cat?post=341900"},{"taxonomy":"product_tag","embeddable":true,"href":"https:\/\/gajos.sk\/eshop\/wp-json\/wp\/v2\/product_tag?post=341900"}],"curies":[{"name":"wp","href":"https:\/\/api.w.org\/{rel}","templated":true}]}}