{"id":341854,"date":"2024-03-01T20:47:16","date_gmt":"2024-03-01T19:47:16","guid":{"rendered":"https:\/\/gajostest.a2hosted.com\/eshop\/crambe-mikina-s-kapucnou\/"},"modified":"2026-04-25T21:40:50","modified_gmt":"2026-04-25T19:40:50","slug":"crambe-mikina-s-kapucnou","status":"publish","type":"product","link":"https:\/\/gajos.sk\/eshop\/p\/crambe-mikina-s-kapucnou\/","title":{"rendered":"CRAMBE mikina s kapuc\u0148ou"},"content":{"rendered":"","protected":false},"excerpt":{"rendered":"<p>\u2022 p\u00e1nska bunda s kapuc\u0148ou a klokan\u00edm vreckom \u2022 zosilnen\u00e9 \u010dasti v oblasti ramien \u2022 elastick\u00e9 n\u00e1plety na ruk\u00e1voch a spodnom obvode\u2022 potla\u010den\u00e1 nepo\u010desan\u00e1 v\u00fdpl\u0148 s potla\u010dou Crambe<\/p>\n","protected":false},"featured_media":341856,"template":"","meta":{"_acf_changed":false,"inline_featured_image":false},"product_brand":[],"product_cat":[2160,2121],"product_tag":[1244],"class_list":{"0":"post-341854","1":"product","2":"type-product","3":"status-publish","4":"has-post-thumbnail","6":"product_cat-mikiny-svetre-vesty","7":"product_cat-odevy","8":"product_tag-crv","9":"pa_farba-camouflage","10":"pa_farba-bezova-kamuflaz","11":"pa_farba-siva-kamuflaz","12":"pa_velkost-xl","13":"pa_velkost-l","14":"pa_velkost-m","15":"pa_velkost-s","16":"pa_velkost-3xl","17":"pa_velkost-xxl","18":"pa_velkost-xs","20":"first","21":"instock","22":"taxable","23":"shipping-taxable","24":"purchasable","25":"product-type-variable"},"acf":[],"_links":{"self":[{"href":"https:\/\/gajos.sk\/eshop\/wp-json\/wp\/v2\/product\/341854","targetHints":{"allow":["GET"]}}],"collection":[{"href":"https:\/\/gajos.sk\/eshop\/wp-json\/wp\/v2\/product"}],"about":[{"href":"https:\/\/gajos.sk\/eshop\/wp-json\/wp\/v2\/types\/product"}],"wp:featuredmedia":[{"embeddable":true,"href":"https:\/\/gajos.sk\/eshop\/wp-json\/wp\/v2\/media\/341856"}],"wp:attachment":[{"href":"https:\/\/gajos.sk\/eshop\/wp-json\/wp\/v2\/media?parent=341854"}],"wp:term":[{"taxonomy":"product_brand","embeddable":true,"href":"https:\/\/gajos.sk\/eshop\/wp-json\/wp\/v2\/product_brand?post=341854"},{"taxonomy":"product_cat","embeddable":true,"href":"https:\/\/gajos.sk\/eshop\/wp-json\/wp\/v2\/product_cat?post=341854"},{"taxonomy":"product_tag","embeddable":true,"href":"https:\/\/gajos.sk\/eshop\/wp-json\/wp\/v2\/product_tag?post=341854"}],"curies":[{"name":"wp","href":"https:\/\/api.w.org\/{rel}","templated":true}]}}