{"id":341841,"date":"2024-03-01T20:47:12","date_gmt":"2024-03-01T19:47:12","guid":{"rendered":"https:\/\/gajostest.a2hosted.com\/eshop\/winton-mikina-s-kapucnou\/"},"modified":"2026-04-11T17:51:00","modified_gmt":"2026-04-11T15:51:00","slug":"winton-mikina-s-kapucnou","status":"publish","type":"product","link":"https:\/\/gajos.sk\/eshop\/p\/winton-mikina-s-kapucnou\/","title":{"rendered":"WINTON mikina s kapuc\u0148ou"},"content":{"rendered":"","protected":false},"excerpt":{"rendered":"<p>P\u00e1nska mikina na zips s kapuc\u0148ou zo zmesov\u00e9ho po\u010desan\u00e9ho materi\u00e1lu, 2 bo\u010dn\u00e9 vreck\u00e1 na zips, l\u00e9ga z kontrastn\u00e9ho materi\u00e1lu okolo zipsov, dvojit\u00e1 kapuc\u0148a s kontrastnou farbou pod\u0161\u00edvky, pevn\u00e9 \u00fapletov\u00e9 patenty na ruk\u00e1voch a v spodnom obvode, dekorat\u00edvne \u0161n\u00farky v kapucni v kontrastnej farbe, potla\u010d na hrudi a ruk\u00e1voch, v\u00fd\u0161ivka Assent na ruk\u00e1ve.<\/p>\n","protected":false},"featured_media":341843,"template":"","meta":{"_acf_changed":false,"inline_featured_image":false},"product_brand":[],"product_cat":[2160,2121],"product_tag":[1354],"class_list":{"0":"post-341841","1":"product","2":"type-product","3":"status-publish","4":"has-post-thumbnail","6":"product_cat-mikiny-svetre-vesty","7":"product_cat-odevy","8":"product_tag-assent","9":"pa_farba-cierna","10":"pa_farba-siva","11":"pa_velkost-xl","12":"pa_velkost-l","13":"pa_velkost-m","14":"pa_velkost-s","15":"pa_velkost-3xl","16":"pa_velkost-xxl","18":"first","19":"instock","20":"taxable","21":"shipping-taxable","22":"purchasable","23":"product-type-variable"},"acf":[],"_links":{"self":[{"href":"https:\/\/gajos.sk\/eshop\/wp-json\/wp\/v2\/product\/341841","targetHints":{"allow":["GET"]}}],"collection":[{"href":"https:\/\/gajos.sk\/eshop\/wp-json\/wp\/v2\/product"}],"about":[{"href":"https:\/\/gajos.sk\/eshop\/wp-json\/wp\/v2\/types\/product"}],"wp:featuredmedia":[{"embeddable":true,"href":"https:\/\/gajos.sk\/eshop\/wp-json\/wp\/v2\/media\/341843"}],"wp:attachment":[{"href":"https:\/\/gajos.sk\/eshop\/wp-json\/wp\/v2\/media?parent=341841"}],"wp:term":[{"taxonomy":"product_brand","embeddable":true,"href":"https:\/\/gajos.sk\/eshop\/wp-json\/wp\/v2\/product_brand?post=341841"},{"taxonomy":"product_cat","embeddable":true,"href":"https:\/\/gajos.sk\/eshop\/wp-json\/wp\/v2\/product_cat?post=341841"},{"taxonomy":"product_tag","embeddable":true,"href":"https:\/\/gajos.sk\/eshop\/wp-json\/wp\/v2\/product_tag?post=341841"}],"curies":[{"name":"wp","href":"https:\/\/api.w.org\/{rel}","templated":true}]}}