{"id":341819,"date":"2024-03-01T20:47:04","date_gmt":"2024-03-01T19:47:04","guid":{"rendered":"https:\/\/gajostest.a2hosted.com\/eshop\/emerton-new-mikina-s-kapucnou\/"},"modified":"2026-04-15T21:38:48","modified_gmt":"2026-04-15T19:38:48","slug":"emerton-new-mikina-s-kapucnou","status":"publish","type":"product","link":"https:\/\/gajos.sk\/eshop\/p\/emerton-new-mikina-s-kapucnou\/","title":{"rendered":"EMERTON NEW mikina s kapuc\u0148ou"},"content":{"rendered":"","protected":false},"excerpt":{"rendered":"<p>\u2022 mikina v modernom vzh\u013eade s dvojfarebn\u00fdm zipsom a kontrastn\u00fdmi prvkami \u2022 efl exn\u00fd pruh na chrbte \u2022 spodn\u00fd lem a man\u017eety ruk\u00e1vov z pleten\u00e9ho \u00fapletu \u2022 kapuc\u0148a so s\u0165ahovan\u00edm na \u0161n\u00farku \u2022 na hrudi refl exn\u00fd doplnok<\/p>\n","protected":false},"featured_media":341821,"template":"","meta":{"_acf_changed":false,"inline_featured_image":false},"product_brand":[],"product_cat":[2160,2121],"product_tag":[1343],"class_list":{"0":"post-341819","1":"product","2":"type-product","3":"status-publish","4":"has-post-thumbnail","6":"product_cat-mikiny-svetre-vesty","7":"product_cat-odevy","8":"product_tag-australian-line","9":"pa_farba-cierna","10":"pa_velkost-3xl","11":"pa_velkost-xxl","12":"pa_velkost-xl","13":"pa_velkost-l","14":"pa_velkost-m","15":"pa_velkost-s","17":"first","18":"instock","19":"taxable","20":"shipping-taxable","21":"purchasable","22":"product-type-variable"},"acf":[],"_links":{"self":[{"href":"https:\/\/gajos.sk\/eshop\/wp-json\/wp\/v2\/product\/341819","targetHints":{"allow":["GET"]}}],"collection":[{"href":"https:\/\/gajos.sk\/eshop\/wp-json\/wp\/v2\/product"}],"about":[{"href":"https:\/\/gajos.sk\/eshop\/wp-json\/wp\/v2\/types\/product"}],"wp:featuredmedia":[{"embeddable":true,"href":"https:\/\/gajos.sk\/eshop\/wp-json\/wp\/v2\/media\/341821"}],"wp:attachment":[{"href":"https:\/\/gajos.sk\/eshop\/wp-json\/wp\/v2\/media?parent=341819"}],"wp:term":[{"taxonomy":"product_brand","embeddable":true,"href":"https:\/\/gajos.sk\/eshop\/wp-json\/wp\/v2\/product_brand?post=341819"},{"taxonomy":"product_cat","embeddable":true,"href":"https:\/\/gajos.sk\/eshop\/wp-json\/wp\/v2\/product_cat?post=341819"},{"taxonomy":"product_tag","embeddable":true,"href":"https:\/\/gajos.sk\/eshop\/wp-json\/wp\/v2\/product_tag?post=341819"}],"curies":[{"name":"wp","href":"https:\/\/api.w.org\/{rel}","templated":true}]}}